{"id":10765,"date":"2019-04-08T09:20:51","date_gmt":"2019-04-08T07:20:51","guid":{"rendered":"http:\/\/ksiegarnia-akademicka.pl\/?post_type=product&#038;p=10765"},"modified":"2024-12-04T14:34:11","modified_gmt":"2024-12-04T13:34:11","slug":"aktualna-kondycja-integracji-europejskiej-w-obliczu-wyzwan-zewnetrznych-i-wewnetrznych","status":"publish","type":"product","link":"http:\/\/ksiegarnia-akademicka.pl\/index.php\/product\/aktualna-kondycja-integracji-europejskiej-w-obliczu-wyzwan-zewnetrznych-i-wewnetrznych\/","title":{"rendered":"Aktualna kondycja integracji europejskiej w obliczu wyzwa\u0144 zewn\u0119trznych i wewn\u0119trznych"},"content":{"rendered":"<p>Autor:<br \/>\nHelena Tendera-W\u0142aszczuk<br \/>\nWydawca: Difin<br \/>\nOprawa: Mi\u0119kka<br \/>\nFormat: 16.0&#215;23.0cm<br \/>\nLiczba stron: 166<br \/>\nRok wydania: 2019<br \/>\nJ\u0119zyk wydania: polski<\/p>\n<p>Ksi\u0105\u017cka po\u015bwi\u0119cona jest studiom nad kondycj\u0105 Unii Europejskiej i ocenom dzia\u0142a\u0144 tego ugrupowania w kontek\u015bcie zmieniaj\u0105cych si\u0119 uwarunkowa\u0144 zewn\u0119trznych i wewn\u0119trznych. Za\u0142o\u017ceniem przyj\u0119tym w niniejszej publikacji jest prze\u015bwiadczenie, \u017ce wyzwania, kt\u00f3rym stawi\u0107 musi czo\u0142a Unia Europejska nie s\u0105 definiowane wy\u0142\u0105cznie przez podmioty polityczne oraz obywateli pa\u0144stw cz\u0142onkowskich, lecz, i\u017c integruj\u0105ca si\u0119 Europa musi zachowa\u0107 zdolno\u015b\u0107 adekwatnej odpowiedzi na wyzwania, jakie formu\u0142uje wobec niej otoczenie zewn\u0119trzne. Unia Europejska nie mo\u017ce pozosta\u0107 bierna, musi zachowa\u0107 zdolno\u015b\u0107 do podj\u0119cia efektywnych i adekwatnych dzia\u0142a\u0144 w przypadku pojawienia si\u0119 nowych wyzwa\u0144, takich jak zmiany relacji Unii Europejskiej z podmiotami zewn\u0119trznymiczy Brexit. Kondycja i powodzenie projektu europejskiego uzale\u017cnione jest r\u00f3wnie\u017c od bie\u017c\u0105cej polityki i dzia\u0142a\u0144 podejmowanych w obliczu obecnego kryzysu migracyjnego w Europie. Sp\u00f3jno\u015b\u0107 spo\u0142eczna i gospodarcza, wyr\u00f3wnywanie poziom\u00f3w \u017cycia i niwelowanie nier\u00f3wno\u015bci spo\u0142ecznych, podobnie jak dzia\u0142ania w kierunku poprawy innowacyjno\u015bci, s\u0105 wa\u017cnym aspektem poprawy kondycji Unii Europejskiej i jej pozycji na arenie mi\u0119dzynarodowej. W\u0142a\u015bciwe rozpoznanie tych wyzwa\u0144, ocena ich wagi oraz mo\u017cliwo\u015bci sprostania im, to podstawowy w\u0105tek aktualnych studi\u00f3w nad integracj\u0105 europejsk\u0105.<\/p>\n","protected":false},"excerpt":{"rendered":"<p>Autor: Helena Tendera-W\u0142aszczuk Wydawca: Difin Oprawa: Mi\u0119kka Format: 16.0&#215;23.0cm Liczba [&hellip;]<\/p>\n","protected":false},"featured_media":10766,"template":"","meta":[],"product_brand":[],"product_cat":[25],"product_tag":[2124,250],"class_list":{"0":"post-10765","1":"product","2":"type-product","3":"status-publish","4":"has-post-thumbnail","6":"product_cat-unia-europejska","7":"product_tag-integracja-europejska","8":"product_tag-unia-europejska","10":"first","11":"instock","12":"sale","13":"shipping-taxable","14":"purchasable","15":"product-type-simple"},"_links":{"self":[{"href":"http:\/\/ksiegarnia-akademicka.pl\/index.php\/wp-json\/wp\/v2\/product\/10765","targetHints":{"allow":["GET"]}}],"collection":[{"href":"http:\/\/ksiegarnia-akademicka.pl\/index.php\/wp-json\/wp\/v2\/product"}],"about":[{"href":"http:\/\/ksiegarnia-akademicka.pl\/index.php\/wp-json\/wp\/v2\/types\/product"}],"wp:featuredmedia":[{"embeddable":true,"href":"http:\/\/ksiegarnia-akademicka.pl\/index.php\/wp-json\/wp\/v2\/media\/10766"}],"wp:attachment":[{"href":"http:\/\/ksiegarnia-akademicka.pl\/index.php\/wp-json\/wp\/v2\/media?parent=10765"}],"wp:term":[{"taxonomy":"product_brand","embeddable":true,"href":"http:\/\/ksiegarnia-akademicka.pl\/index.php\/wp-json\/wp\/v2\/product_brand?post=10765"},{"taxonomy":"product_cat","embeddable":true,"href":"http:\/\/ksiegarnia-akademicka.pl\/index.php\/wp-json\/wp\/v2\/product_cat?post=10765"},{"taxonomy":"product_tag","embeddable":true,"href":"http:\/\/ksiegarnia-akademicka.pl\/index.php\/wp-json\/wp\/v2\/product_tag?post=10765"}],"curies":[{"name":"wp","href":"https:\/\/api.w.org\/{rel}","templated":true}]}}