{"id":10754,"date":"2019-04-05T08:45:56","date_gmt":"2019-04-05T06:45:56","guid":{"rendered":"http:\/\/ksiegarnia-akademicka.pl\/?post_type=product&#038;p=10754"},"modified":"2024-12-04T14:34:23","modified_gmt":"2024-12-04T13:34:23","slug":"plecakiem-do-przodu","status":"publish","type":"product","link":"http:\/\/ksiegarnia-akademicka.pl\/index.php\/product\/plecakiem-do-przodu\/","title":{"rendered":"Plecakiem do przodu"},"content":{"rendered":"<p>Autor:<br \/>\nEwa Zarychta<br \/>\nWydawca: Zarychta Ewa<br \/>\nOprawa: Mi\u0119kka ze skrzyde\u0142kami<br \/>\nLiczba stron: 164<br \/>\nRok wydania: 2019<br \/>\nJ\u0119zyk wydania: polski<\/p>\n<p>\u201ePlecakiem do przodu\u201d to zbi\u00f3r reporta\u017cy, wspomnie\u0144 z podr\u00f3\u017cy do takich kraj\u00f3w jak: Peru, Birma, Tybet, Sri Lanka, USA (dwa r\u00f3\u017cne oblicza Ameryki) oraz Kuba. Autorka nie opisuje tu swoich wypraw na zasadzie typowego dziennika podr\u00f3\u017cy od A do Z, a przytacza tylko te epizody, kt\u00f3re by\u0142y najbardziej fascynuj\u0105ce, zadziwiaj\u0105ce i szczeg\u00f3lnie utkwi\u0142y w jej pami\u0119ci.<\/p>\n<p>Ksi\u0105\u017cka jest tak\u017ce inspiracj\u0105 do zwiedzania \u015bwiata w taki spos\u00f3b, kt\u00f3ry pozwala zgromadzi\u0107 w sobie jak najwi\u0119cej wiedzy i r\u00f3\u017cnego rodzaju do\u015bwiadcze\u0144, dotycz\u0105cych innych, odmiennych od naszej kultur. Autorka pisze o tym, Jak ciekawe jest podr\u00f3\u017cowanie lokalnymi \u015brodkami transportu i nawi\u0105zywanie rozm\u00f3w z mieszka\u0144cami tych kraj\u00f3w, kt\u00f3re zwiedzamy. O ile bardziej poznawcze jest takie w\u0142a\u015bnie odkrywanie \u015bwiata ni\u017c obserwowanie go zza okien luksusowego turystycznego autokaru. Zdaniem autorki, nawet najbardziej szalone plany podr\u00f3\u017cnicze nie musz\u0105 ko\u0144czy\u0107 si\u0119 na marzeniach.<\/p>\n","protected":false},"excerpt":{"rendered":"<p>Autor: Ewa Zarychta Wydawca: Zarychta Ewa Oprawa: Mi\u0119kka ze skrzyde\u0142kami [&hellip;]<\/p>\n","protected":false},"featured_media":10755,"template":"","meta":[],"product_brand":[],"product_cat":[7707],"product_tag":[5933,7840,6968,3542],"class_list":{"0":"post-10754","1":"product","2":"type-product","3":"status-publish","4":"has-post-thumbnail","6":"product_cat-literatura","7":"product_tag-ameryka-polnocna","8":"product_tag-ameryka-poludniowa","9":"product_tag-azja","10":"product_tag-podroze","12":"first","13":"instock","14":"sale","15":"shipping-taxable","16":"purchasable","17":"product-type-simple"},"_links":{"self":[{"href":"http:\/\/ksiegarnia-akademicka.pl\/index.php\/wp-json\/wp\/v2\/product\/10754","targetHints":{"allow":["GET"]}}],"collection":[{"href":"http:\/\/ksiegarnia-akademicka.pl\/index.php\/wp-json\/wp\/v2\/product"}],"about":[{"href":"http:\/\/ksiegarnia-akademicka.pl\/index.php\/wp-json\/wp\/v2\/types\/product"}],"wp:featuredmedia":[{"embeddable":true,"href":"http:\/\/ksiegarnia-akademicka.pl\/index.php\/wp-json\/wp\/v2\/media\/10755"}],"wp:attachment":[{"href":"http:\/\/ksiegarnia-akademicka.pl\/index.php\/wp-json\/wp\/v2\/media?parent=10754"}],"wp:term":[{"taxonomy":"product_brand","embeddable":true,"href":"http:\/\/ksiegarnia-akademicka.pl\/index.php\/wp-json\/wp\/v2\/product_brand?post=10754"},{"taxonomy":"product_cat","embeddable":true,"href":"http:\/\/ksiegarnia-akademicka.pl\/index.php\/wp-json\/wp\/v2\/product_cat?post=10754"},{"taxonomy":"product_tag","embeddable":true,"href":"http:\/\/ksiegarnia-akademicka.pl\/index.php\/wp-json\/wp\/v2\/product_tag?post=10754"}],"curies":[{"name":"wp","href":"https:\/\/api.w.org\/{rel}","templated":true}]}}