{"id":10697,"date":"2019-04-01T09:08:51","date_gmt":"2019-04-01T07:08:51","guid":{"rendered":"http:\/\/ksiegarnia-akademicka.pl\/?post_type=product&#038;p=10697"},"modified":"2024-12-04T14:14:14","modified_gmt":"2024-12-04T13:14:14","slug":"organizacyjne-i-prawne-aspekty-systemow-ochrony-zdrowia-wybranych-panstw","status":"publish","type":"product","link":"http:\/\/ksiegarnia-akademicka.pl\/index.php\/product\/organizacyjne-i-prawne-aspekty-systemow-ochrony-zdrowia-wybranych-panstw\/","title":{"rendered":"Organizacyjne i prawne aspekty system\u00f3w ochrony zdrowia wybranych pa\u0144stw"},"content":{"rendered":"<p>Redakcja: Urbaniak Monika<br \/>\nWydawca: Difin<br \/>\nOprawa: Mi\u0119kka<br \/>\nFormat: 16.0&#215;23.0cm<br \/>\nLiczba stron: 358<br \/>\nRok wydania: 2019<br \/>\nJ\u0119zyk wydania: polski<\/p>\n<p>Ksi\u0105\u017cka stanowi analiz\u0119 problematyki system\u00f3w ochrony zdrowia w wybranych pa\u0144stwach. W publikacji zestawiono 17 system\u00f3w ochrony zdrowia z 17 pa\u0144stw, stosuj\u0105c kilka og\u00f3lnie przyj\u0119tych kryteri\u00f3w, tj. historia legislacyjna i polityczna-t\u0142o, organizacja systemu ochrony zdrowia, opieka publiczna i prywatna, finansowanie, ubezpieczenia, koszyk \u015bwiadcze\u0144, refundacje, pacjent w systemie, narodowe programy zdrowia oraz elementy wyr\u00f3\u017cniaj\u0105ce dany system. Ksi\u0105\u017cka wype\u0142nia luk\u0119 w zakresie analizy system\u00f3w ochrony zdrowia wybranych pa\u0144stw.<\/p>\n","protected":false},"excerpt":{"rendered":"<p>Redakcja: Urbaniak Monika Wydawca: Difin Oprawa: Mi\u0119kka Format: 16.0&#215;23.0cm Liczba [&hellip;]<\/p>\n","protected":false},"featured_media":10698,"template":"","meta":[],"product_brand":[],"product_cat":[7625],"product_tag":[3994,4635,7835],"class_list":{"0":"post-10697","1":"product","2":"type-product","3":"status-publish","4":"has-post-thumbnail","6":"product_cat-nauki-o-zdrowiu","7":"product_tag-medycyna","8":"product_tag-sluzba-zdrowia","9":"product_tag-systemy-opieki-zdrowotnej","11":"first","12":"instock","13":"sale","14":"shipping-taxable","15":"purchasable","16":"product-type-simple"},"_links":{"self":[{"href":"http:\/\/ksiegarnia-akademicka.pl\/index.php\/wp-json\/wp\/v2\/product\/10697","targetHints":{"allow":["GET"]}}],"collection":[{"href":"http:\/\/ksiegarnia-akademicka.pl\/index.php\/wp-json\/wp\/v2\/product"}],"about":[{"href":"http:\/\/ksiegarnia-akademicka.pl\/index.php\/wp-json\/wp\/v2\/types\/product"}],"wp:featuredmedia":[{"embeddable":true,"href":"http:\/\/ksiegarnia-akademicka.pl\/index.php\/wp-json\/wp\/v2\/media\/10698"}],"wp:attachment":[{"href":"http:\/\/ksiegarnia-akademicka.pl\/index.php\/wp-json\/wp\/v2\/media?parent=10697"}],"wp:term":[{"taxonomy":"product_brand","embeddable":true,"href":"http:\/\/ksiegarnia-akademicka.pl\/index.php\/wp-json\/wp\/v2\/product_brand?post=10697"},{"taxonomy":"product_cat","embeddable":true,"href":"http:\/\/ksiegarnia-akademicka.pl\/index.php\/wp-json\/wp\/v2\/product_cat?post=10697"},{"taxonomy":"product_tag","embeddable":true,"href":"http:\/\/ksiegarnia-akademicka.pl\/index.php\/wp-json\/wp\/v2\/product_tag?post=10697"}],"curies":[{"name":"wp","href":"https:\/\/api.w.org\/{rel}","templated":true}]}}