{"id":10693,"date":"2019-04-01T09:03:25","date_gmt":"2019-04-01T07:03:25","guid":{"rendered":"http:\/\/ksiegarnia-akademicka.pl\/?post_type=product&#038;p=10693"},"modified":"2019-04-01T09:03:25","modified_gmt":"2019-04-01T07:03:25","slug":"leksykon-wiedzy-politologicznej","status":"publish","type":"product","link":"http:\/\/ksiegarnia-akademicka.pl\/index.php\/product\/leksykon-wiedzy-politologicznej\/","title":{"rendered":"Leksykon wiedzy politologicznej"},"content":{"rendered":"<p>Redakcja: Marsza\u0142ek-Kawa Joanna, Plecka Danuta<br \/>\nWydawca: Adam Marsza\u0142ek<br \/>\nOprawa: Mi\u0119kka<br \/>\nFormat: 16.0&#215;23.0cm<br \/>\nLiczba stron: 544<br \/>\nRok wydania: 2019<br \/>\nJ\u0119zyk wydania: polski<\/p>\n<p>Leksykon wiedzy politologicznej powsta\u0142 jako efekt pracy zespo\u0142u uczonych zaanga\u017cowanych w realizacj\u0119 projektu badawczego pt. Podstawowe kategorie politologiczne realizowanego przy wsparciu Fundacji Wspierania Wsp\u00f3\u0142pracy Mi\u0119dzynarodowej im. Profesora Czes\u0142awa Mojsiewicza. [\u2026] Zamierzeniem redaktor\u00f3w by\u0142o zebranie w jednym tomie pewnego zasobu wiadomo\u015bci, kt\u00f3re umo\u017cliwi\u0105 nie tylko specjalistom, ale tak\u017ce uczniom, studentom, w szczeg\u00f3lno\u015bci kierunk\u00f3w spo\u0142ecznych, prawnych i humanistycznych, dziennikarzom oraz komentatorom dokonywanie ocen i analiz otaczaj\u0105cej nas rzeczywisto\u015bci.<br \/>\nZe Wst\u0119pu<\/p>\n","protected":false},"excerpt":{"rendered":"<p>Redakcja: Marsza\u0142ek-Kawa Joanna, Plecka Danuta Wydawca: Adam Marsza\u0142ek Oprawa: Mi\u0119kka [&hellip;]<\/p>\n","protected":false},"featured_media":10694,"template":"","meta":[],"product_brand":[],"product_cat":[27,7507],"product_tag":[7834,74],"class_list":{"0":"post-10693","1":"product","2":"type-product","3":"status-publish","4":"has-post-thumbnail","6":"product_cat-nauki-spoleczne","7":"product_cat-politologia","8":"product_tag-leksykon-politologii","9":"product_tag-politologia","11":"first","12":"instock","13":"sale","14":"shipping-taxable","15":"purchasable","16":"product-type-simple"},"_links":{"self":[{"href":"http:\/\/ksiegarnia-akademicka.pl\/index.php\/wp-json\/wp\/v2\/product\/10693","targetHints":{"allow":["GET"]}}],"collection":[{"href":"http:\/\/ksiegarnia-akademicka.pl\/index.php\/wp-json\/wp\/v2\/product"}],"about":[{"href":"http:\/\/ksiegarnia-akademicka.pl\/index.php\/wp-json\/wp\/v2\/types\/product"}],"wp:featuredmedia":[{"embeddable":true,"href":"http:\/\/ksiegarnia-akademicka.pl\/index.php\/wp-json\/wp\/v2\/media\/10694"}],"wp:attachment":[{"href":"http:\/\/ksiegarnia-akademicka.pl\/index.php\/wp-json\/wp\/v2\/media?parent=10693"}],"wp:term":[{"taxonomy":"product_brand","embeddable":true,"href":"http:\/\/ksiegarnia-akademicka.pl\/index.php\/wp-json\/wp\/v2\/product_brand?post=10693"},{"taxonomy":"product_cat","embeddable":true,"href":"http:\/\/ksiegarnia-akademicka.pl\/index.php\/wp-json\/wp\/v2\/product_cat?post=10693"},{"taxonomy":"product_tag","embeddable":true,"href":"http:\/\/ksiegarnia-akademicka.pl\/index.php\/wp-json\/wp\/v2\/product_tag?post=10693"}],"curies":[{"name":"wp","href":"https:\/\/api.w.org\/{rel}","templated":true}]}}