{"id":10668,"date":"2019-03-28T15:44:30","date_gmt":"2019-03-28T14:44:30","guid":{"rendered":"http:\/\/ksiegarnia-akademicka.pl\/?post_type=product&#038;p=10668"},"modified":"2024-12-04T14:15:30","modified_gmt":"2024-12-04T13:15:30","slug":"ostatni-proces-kafki","status":"publish","type":"product","link":"http:\/\/ksiegarnia-akademicka.pl\/index.php\/product\/ostatni-proces-kafki\/","title":{"rendered":"Ostatni proces Kafki"},"content":{"rendered":"<p>Autor:<br \/>\nBenjamin Balint<br \/>\nT\u0142umacze: Kurek Krzysztof<br \/>\nWydawca: Agora<br \/>\nOprawa: Twarda<br \/>\nFormat: 14.0&#215;21.5cm<br \/>\nLiczba stron: 352<br \/>\nWydanie: 1<br \/>\nRok wydania: 2019<\/p>\n<p>Gdy Franz Kafka zmar\u0142, jego przyjaciel Max Brod odm\u00f3wi\u0142 wype\u0142nienia ostatniej woli pisarza i nie spali\u0142 jego manuskrypt\u00f3w. Zamiast tego, w 1939 roku, w ostatnim momencie, uciek\u0142 z nimi do Palestyny i po\u015bwi\u0119ci\u0142 reszt\u0119 \u017cycia kanonizowaniu Kafki na najbardziej proroczego kronikarza XX wieku. Zdradzaj\u0105c przyjaciela Brod dwukrotnie uratowa\u0142 spu\u015bcizn\u0119 Kafki &#8211; najpierw od zniszczenia, a potem od zapomnienia.<br \/>\nOstatecznie zdrada ta doprowadzi\u0142a do bitwy prawnej o dziedzictwo Kafki pomi\u0119dzy Niemcami (gdzie zgin\u0119\u0142a siostra Franza, a on sam poni\u00f3s\u0142by podobny los, gdyby tam pozosta\u0142), a Izraelem.<br \/>\n\u201eOstatni proces Kafki\u201d to genialny portret dw\u00f3ch przyjaci\u00f3\u0142 &#8211; intelektualist\u00f3w. To tak\u017ce brawurowy opis ucieczki Broda przed Nazistami, barwny obraz relacji mi\u0119dzy wygna\u0144cami z Europy w budz\u0105cym si\u0119 do \u017cycia Tel Awiwie oraz pasjonuj\u0105ca relacja z kontrowersyjnego i gor\u0105co komentowanego procesu mi\u0119dzy dwoma krajami, kt\u00f3re maj\u0105 obsesj\u0119 na punkcie traum z przesz\u0142o\u015bci.<br \/>\nBenjamin Balint stawia pytanie o to, kto jest w\u0142a\u015bcicielem literackiej spu\u015bcizny: kraj pochodzenia i j\u0119zyka tw\u00f3rcy, czy kraj, w kt\u00f3rym bije kulturowe i religijne \u017ar\u00f3d\u0142o jego tw\u00f3rczo\u015bci.<br \/>\nI kt\u00f3ry nar\u00f3d mo\u017ce sobie ro\u015bci\u0107 do niej prawo.<\/p>\n","protected":false},"excerpt":{"rendered":"<p>Autor: Benjamin Balint T\u0142umacze: Kurek Krzysztof Wydawca: Agora Oprawa: Twarda [&hellip;]<\/p>\n","protected":false},"featured_media":10669,"template":"","meta":[],"product_brand":[],"product_cat":[7627],"product_tag":[7832,5658],"class_list":{"0":"post-10668","1":"product","2":"type-product","3":"status-publish","4":"has-post-thumbnail","6":"product_cat-historia-literatury","7":"product_tag-franz-kafka","8":"product_tag-historia-literatury","10":"first","11":"instock","12":"sale","13":"shipping-taxable","14":"purchasable","15":"product-type-simple"},"_links":{"self":[{"href":"http:\/\/ksiegarnia-akademicka.pl\/index.php\/wp-json\/wp\/v2\/product\/10668","targetHints":{"allow":["GET"]}}],"collection":[{"href":"http:\/\/ksiegarnia-akademicka.pl\/index.php\/wp-json\/wp\/v2\/product"}],"about":[{"href":"http:\/\/ksiegarnia-akademicka.pl\/index.php\/wp-json\/wp\/v2\/types\/product"}],"wp:featuredmedia":[{"embeddable":true,"href":"http:\/\/ksiegarnia-akademicka.pl\/index.php\/wp-json\/wp\/v2\/media\/10669"}],"wp:attachment":[{"href":"http:\/\/ksiegarnia-akademicka.pl\/index.php\/wp-json\/wp\/v2\/media?parent=10668"}],"wp:term":[{"taxonomy":"product_brand","embeddable":true,"href":"http:\/\/ksiegarnia-akademicka.pl\/index.php\/wp-json\/wp\/v2\/product_brand?post=10668"},{"taxonomy":"product_cat","embeddable":true,"href":"http:\/\/ksiegarnia-akademicka.pl\/index.php\/wp-json\/wp\/v2\/product_cat?post=10668"},{"taxonomy":"product_tag","embeddable":true,"href":"http:\/\/ksiegarnia-akademicka.pl\/index.php\/wp-json\/wp\/v2\/product_tag?post=10668"}],"curies":[{"name":"wp","href":"https:\/\/api.w.org\/{rel}","templated":true}]}}