{"id":10641,"date":"2019-03-27T15:31:39","date_gmt":"2019-03-27T14:31:39","guid":{"rendered":"http:\/\/ksiegarnia-akademicka.pl\/?post_type=product&#038;p=10641"},"modified":"2024-12-04T14:16:15","modified_gmt":"2024-12-04T13:16:15","slug":"naduzycie-prawa-procesowego-cywilnego","status":"publish","type":"product","link":"http:\/\/ksiegarnia-akademicka.pl\/index.php\/product\/naduzycie-prawa-procesowego-cywilnego\/","title":{"rendered":"Nadu\u017cycie prawa procesowego cywilnego"},"content":{"rendered":"<p>Redakcja: Grzegorczyk Pawe\u0142, Walasik Marcin, Zedler Feliks<br \/>\nWydawca: Wolters Kluwer<br \/>\nOprawa: Twarda<br \/>\nLiczba stron: 648<br \/>\nWydanie: 1<br \/>\nRok wydania: 2019<br \/>\nJ\u0119zyk wydania: polski<\/p>\n<p>Problematyka nadu\u017cycia prawa procesowego cywilnego do tej pory nie doczeka\u0142a si\u0119 w nauce systemowego opracowania. Prezentowany zbi\u00f3r artyku\u0142\u00f3w pr\u00f3buje wype\u0142ni\u0107 t\u0119 luk\u0119. W ksi\u0105\u017cce zamieszczono wi\u0119kszo\u015b\u0107 wyst\u0105pie\u0144 wyg\u0142oszonych podczas obrad Og\u00f3lnopolskiego Zjazdu Katedr i Zak\u0142ad\u00f3w Post\u0119powania Cywilnego, kt\u00f3ry odby\u0142 si\u0119 w dniach 21\u201324 wrze\u015bnia 2017 r. w Prusimiu niedaleko Poznania, a tak\u017ce inne prace, kt\u00f3re stanowi\u0105 w tej mierze g\u0142os uzupe\u0142niaj\u0105cy. Autorami opracowania s\u0105 wybitni pracownicy naukowi reprezentuj\u0105cy wiele wa\u017cnych o\u015brodk\u00f3w naukowych w Polsce oraz przedstawiciel Litwy, a tak\u017ce praktycy \u2013 s\u0119dziowie, w tym r\u00f3wnie\u017c S\u0105du Najwy\u017cszego. <\/p>\n<p>Ksi\u0105\u017cka zawiera om\u00f3wienie najwa\u017cniejszych zagadnie\u0144 zwi\u0105zanych z problematyk\u0105 nadu\u017cycia prawa procesowego cywilnego. Autorzy analizuj\u0105 temat nadu\u017cycia prawa w poszczeg\u00f3lnych post\u0119powaniach cywilnych \u2013 rozpoznawczym, zabezpieczaj\u0105cym, egzekucyjnym, a tak\u017ce w europejskim prawie procesowym cywilnym. Zwracaj\u0105 m.in. uwag\u0119 na problematyk\u0119 nadu\u017cycia uprawnie\u0144 procesowych w zakresie \u015brodk\u00f3w zaskar\u017cenia oraz na tzw. czarny arbitra\u017c.<\/p>\n","protected":false},"excerpt":{"rendered":"<p>Redakcja: Grzegorczyk Pawe\u0142, Walasik Marcin, Zedler Feliks Wydawca: Wolters Kluwer [&hellip;]<\/p>\n","protected":false},"featured_media":10642,"template":"","meta":[],"product_brand":[],"product_cat":[7491,18],"product_tag":[1550,615],"class_list":{"0":"post-10641","1":"product","2":"type-product","3":"status-publish","4":"has-post-thumbnail","6":"product_cat-cywilne","7":"product_cat-prawo","8":"product_tag-komentarze-i-opracowania","9":"product_tag-prawo-cywilne","11":"first","12":"instock","13":"sale","14":"shipping-taxable","15":"purchasable","16":"product-type-simple"},"_links":{"self":[{"href":"http:\/\/ksiegarnia-akademicka.pl\/index.php\/wp-json\/wp\/v2\/product\/10641","targetHints":{"allow":["GET"]}}],"collection":[{"href":"http:\/\/ksiegarnia-akademicka.pl\/index.php\/wp-json\/wp\/v2\/product"}],"about":[{"href":"http:\/\/ksiegarnia-akademicka.pl\/index.php\/wp-json\/wp\/v2\/types\/product"}],"wp:featuredmedia":[{"embeddable":true,"href":"http:\/\/ksiegarnia-akademicka.pl\/index.php\/wp-json\/wp\/v2\/media\/10642"}],"wp:attachment":[{"href":"http:\/\/ksiegarnia-akademicka.pl\/index.php\/wp-json\/wp\/v2\/media?parent=10641"}],"wp:term":[{"taxonomy":"product_brand","embeddable":true,"href":"http:\/\/ksiegarnia-akademicka.pl\/index.php\/wp-json\/wp\/v2\/product_brand?post=10641"},{"taxonomy":"product_cat","embeddable":true,"href":"http:\/\/ksiegarnia-akademicka.pl\/index.php\/wp-json\/wp\/v2\/product_cat?post=10641"},{"taxonomy":"product_tag","embeddable":true,"href":"http:\/\/ksiegarnia-akademicka.pl\/index.php\/wp-json\/wp\/v2\/product_tag?post=10641"}],"curies":[{"name":"wp","href":"https:\/\/api.w.org\/{rel}","templated":true}]}}