{"id":10618,"date":"2019-03-25T14:03:49","date_gmt":"2019-03-25T13:03:49","guid":{"rendered":"http:\/\/ksiegarnia-akademicka.pl\/?post_type=product&#038;p=10618"},"modified":"2019-03-25T14:03:50","modified_gmt":"2019-03-25T13:03:50","slug":"przedawnienie-w-polskim-prawie-administracyjnym","status":"publish","type":"product","link":"http:\/\/ksiegarnia-akademicka.pl\/index.php\/product\/przedawnienie-w-polskim-prawie-administracyjnym\/","title":{"rendered":"Przedawnienie w polskim prawie administracyjnym"},"content":{"rendered":"<p>Autor:<br \/>\nMiros\u0142aw Wincenciak<br \/>\nWydawca: Wolters Kluwer<br \/>\nOprawa: Twarda<br \/>\nLiczba stron: 448<br \/>\nWydanie: 1<br \/>\nRok wydania: 2019<br \/>\nJ\u0119zyk wydania: polski<\/p>\n<p>Publikacja omawia zasadnicze zagadnienia dotycz\u0105ce przedawnienia w prawie administracyjnym, m.in. takie jak:<br \/>\n&#8211; terminy i skutki prawne ich up\u0142ywu w prawie administracyjnym;<br \/>\n&#8211; konstrukcje przedawnienia w polskim prawie administracyjnym;<br \/>\n&#8211; uzasadnienie przedawnienia;<br \/>\n&#8211; istota i skutki przedawnienia;<br \/>\n&#8211; elementy konstrukcyjne przedawnienia.<br \/>\nPublikacja b\u0119dzie pomocna w rozwi\u0105zaniu problem\u00f3w zwi\u0105zanych odr\u00f3\u017cnieniem przedawnienia od termin\u00f3w zawitych i innych termin\u00f3w materialnych w prawie administracyjnym, jak r\u00f3wnie\u017c w odr\u00f3\u017cnieniu termin\u00f3w materialnych od termin\u00f3w procesowych.<\/p>\n","protected":false},"excerpt":{"rendered":"<p>Autor: Miros\u0142aw Wincenciak Wydawca: Wolters Kluwer Oprawa: Twarda Liczba stron: [&hellip;]<\/p>\n","protected":false},"featured_media":10619,"template":"","meta":[],"product_brand":[],"product_cat":[7492,18],"product_tag":[1550,485,7827],"class_list":{"0":"post-10618","1":"product","2":"type-product","3":"status-publish","4":"has-post-thumbnail","6":"product_cat-administracyjne","7":"product_cat-prawo","8":"product_tag-komentarze-i-opracowania","9":"product_tag-prawo-administracyjne","10":"product_tag-przedawnienie","12":"first","13":"instock","14":"sale","15":"shipping-taxable","16":"purchasable","17":"product-type-simple"},"_links":{"self":[{"href":"http:\/\/ksiegarnia-akademicka.pl\/index.php\/wp-json\/wp\/v2\/product\/10618","targetHints":{"allow":["GET"]}}],"collection":[{"href":"http:\/\/ksiegarnia-akademicka.pl\/index.php\/wp-json\/wp\/v2\/product"}],"about":[{"href":"http:\/\/ksiegarnia-akademicka.pl\/index.php\/wp-json\/wp\/v2\/types\/product"}],"wp:featuredmedia":[{"embeddable":true,"href":"http:\/\/ksiegarnia-akademicka.pl\/index.php\/wp-json\/wp\/v2\/media\/10619"}],"wp:attachment":[{"href":"http:\/\/ksiegarnia-akademicka.pl\/index.php\/wp-json\/wp\/v2\/media?parent=10618"}],"wp:term":[{"taxonomy":"product_brand","embeddable":true,"href":"http:\/\/ksiegarnia-akademicka.pl\/index.php\/wp-json\/wp\/v2\/product_brand?post=10618"},{"taxonomy":"product_cat","embeddable":true,"href":"http:\/\/ksiegarnia-akademicka.pl\/index.php\/wp-json\/wp\/v2\/product_cat?post=10618"},{"taxonomy":"product_tag","embeddable":true,"href":"http:\/\/ksiegarnia-akademicka.pl\/index.php\/wp-json\/wp\/v2\/product_tag?post=10618"}],"curies":[{"name":"wp","href":"https:\/\/api.w.org\/{rel}","templated":true}]}}