{"id":10601,"date":"2019-03-23T09:11:30","date_gmt":"2019-03-23T08:11:30","guid":{"rendered":"http:\/\/ksiegarnia-akademicka.pl\/?post_type=product&#038;p=10601"},"modified":"2019-03-23T09:11:30","modified_gmt":"2019-03-23T08:11:30","slug":"wolnosc-w-wirtualnym-swiecie-zbuduj-firme-swoich-marzen","status":"publish","type":"product","link":"http:\/\/ksiegarnia-akademicka.pl\/index.php\/product\/wolnosc-w-wirtualnym-swiecie-zbuduj-firme-swoich-marzen\/","title":{"rendered":"Wolno\u015b\u0107 w wirtualnym \u015bwiecie Zbuduj firm\u0119 swoich marze\u0144"},"content":{"rendered":"<p>Autor:<br \/>\nChris Ducker<br \/>\nWydawca: Helion<br \/>\nOprawa: Mi\u0119kka<br \/>\nLiczba stron: 328<br \/>\nRok wydania: 2019<br \/>\nJ\u0119zyk wydania: polski<\/p>\n<p>Osoby prowadz\u0105ce w\u0142asny biznes bardzo cz\u0119sto cierpi\u0105 na syndrom superprezesa. Uwa\u017caj\u0105, \u017ce je\u015bli chc\u0105 odnie\u015b\u0107 sukces, musz\u0105 osobi\u015bcie dogl\u0105da\u0107 ka\u017cdego, najmniejszego aspektu dzia\u0142ania firmy. Poza kierowaniem przedsi\u0119biorstwem maj\u0105 by\u0107 specjalistami w zakresie sprzeda\u017cy, technologii, zasob\u00f3w ludzkich, spraw operacyjnych, logistyki i wielu innych niezb\u0119dnych dziedzin. Niepostrze\u017cenie dzie\u0144 pracy takiego superprezesa wyd\u0142u\u017ca si\u0119 do kilkunastu godzin, a spraw, kt\u00f3re osobi\u015bcie musi za\u0142atwi\u0107, systematycznie przybywa. Taka strategia dzia\u0142ania nie doprowadzi w\u0142a\u015bciciela firmy do sukcesu, a jedynie do wypalenia zawodowego i pot\u0119\u017cnej frustracji. Brzmi znajomo?<\/p>\n<p>Je\u015bli tak, to trzymasz w r\u0119ku ksi\u0105\u017ck\u0119, dzi\u0119ki kt\u00f3rej przerwiesz ten magiczny kr\u0105g i przestaniesz by\u0107 w\u0142asno\u015bci\u0105 swojego przedsi\u0119biorstwa. Na powr\u00f3t poczujesz si\u0119 jego w\u0142a\u015bcicielem! Zyskasz wi\u0119cej czasu, zwi\u0119kszysz produktywno\u015b\u0107 i przyspieszysz rozw\u00f3j firmy, nawet przy bardzo skromnym bud\u017cecie. Dowiesz si\u0119, jak dzi\u0119ki drobnym, ale konsekwentnym zmianom doprowadzi\u0107 do kooperacji z wirtualnymi pracownikami. Zdob\u0119dziesz wiedz\u0119 niezb\u0119dn\u0105 przy ustalaniu, kt\u00f3re zadania warto obj\u0105\u0107 outsourcingiem, a tak\u017ce znajdowaniu, zatrudnianiu, szkoleniu i motywowaniu wirtualnych asystent\u00f3w oraz zarz\u0105dzaniu ich dzia\u0142aniami. Przekonasz si\u0119, \u017ce wirtualna kadra to jak najbardziej realny spos\u00f3b na zbudowanie wymarzonej firmy odnosz\u0105cej imponuj\u0105ce sukcesy!<\/p>\n<p>Najwa\u017cniejsze zagadnienia:<\/p>\n<p>w jakich przypadkach warto postawi\u0107 na wirtualnych asystent\u00f3w<br \/>\nwed\u0142ug jakich zasad rekrutowa\u0107 zdalnych pracownik\u00f3w<br \/>\njakie s\u0105 techniki zarz\u0105dzania wirtualn\u0105 kadr\u0105<br \/>\njakie tre\u015bci zamieszcza\u0107 w internecie, by zwi\u0119kszy\u0107 sw\u00f3j sukces<br \/>\njak unikn\u0105\u0107 b\u0142\u0119d\u00f3w przy budowie wirtualnego zespo\u0142u<br \/>\nWirtualna firma daje realn\u0105 wolno\u015b\u0107!<br \/>\nO autorze<br \/>\nChris Ducker jest seryjnym przedsi\u0119biorc\u0105. Z Cambridge w Anglii zarz\u0105dza kilkoma firmami , w kt\u00f3rych zatrudnia ponad 400 pe\u0142noetatowych pracownik\u00f3w rozrzuconych po ca\u0142ym \u015bwiecie. Cieszy si\u0119 du\u017cym zaufaniem jako mentor biznesu i ch\u0119tnie zabiera g\u0142os podczas r\u00f3\u017cnych presti\u017cowych wydarze\u0144. Szczeg\u00f3lnie dobrze jest znany jako za\u0142o\u017cyciel Youpreneur.com, wiod\u0105cej firmy zajmuj\u0105cej si\u0119 edukacj\u0105 biznesow\u0105 zwi\u0105zan\u0105 z mark\u0105.<\/p>\n","protected":false},"excerpt":{"rendered":"<p>Autor: Chris Ducker Wydawca: Helion Oprawa: Mi\u0119kka Liczba stron: 328 [&hellip;]<\/p>\n","protected":false},"featured_media":10602,"template":"","meta":[],"product_brand":[],"product_cat":[7518,31,7515],"product_tag":[1290,918],"class_list":{"0":"post-10601","1":"product","2":"type-product","3":"status-publish","4":"has-post-thumbnail","6":"product_cat-przedsiebiorczosc","7":"product_cat-przedsiebiorstwo","8":"product_cat-zarzadzanie-przedsiebiorstwem","9":"product_tag-przedsiebiorczosc","10":"product_tag-zarzadzanie-przedsiebiorstwem","12":"first","13":"instock","14":"sale","15":"shipping-taxable","16":"purchasable","17":"product-type-simple"},"_links":{"self":[{"href":"http:\/\/ksiegarnia-akademicka.pl\/index.php\/wp-json\/wp\/v2\/product\/10601","targetHints":{"allow":["GET"]}}],"collection":[{"href":"http:\/\/ksiegarnia-akademicka.pl\/index.php\/wp-json\/wp\/v2\/product"}],"about":[{"href":"http:\/\/ksiegarnia-akademicka.pl\/index.php\/wp-json\/wp\/v2\/types\/product"}],"wp:featuredmedia":[{"embeddable":true,"href":"http:\/\/ksiegarnia-akademicka.pl\/index.php\/wp-json\/wp\/v2\/media\/10602"}],"wp:attachment":[{"href":"http:\/\/ksiegarnia-akademicka.pl\/index.php\/wp-json\/wp\/v2\/media?parent=10601"}],"wp:term":[{"taxonomy":"product_brand","embeddable":true,"href":"http:\/\/ksiegarnia-akademicka.pl\/index.php\/wp-json\/wp\/v2\/product_brand?post=10601"},{"taxonomy":"product_cat","embeddable":true,"href":"http:\/\/ksiegarnia-akademicka.pl\/index.php\/wp-json\/wp\/v2\/product_cat?post=10601"},{"taxonomy":"product_tag","embeddable":true,"href":"http:\/\/ksiegarnia-akademicka.pl\/index.php\/wp-json\/wp\/v2\/product_tag?post=10601"}],"curies":[{"name":"wp","href":"https:\/\/api.w.org\/{rel}","templated":true}]}}