{"id":10583,"date":"2019-03-23T08:47:07","date_gmt":"2019-03-23T07:47:07","guid":{"rendered":"http:\/\/ksiegarnia-akademicka.pl\/?post_type=product&#038;p=10583"},"modified":"2024-12-04T14:17:47","modified_gmt":"2024-12-04T13:17:47","slug":"druk-3d-am-zastosowania-oraz-skutki-spoleczne-i-gospodarcze","status":"publish","type":"product","link":"http:\/\/ksiegarnia-akademicka.pl\/index.php\/product\/druk-3d-am-zastosowania-oraz-skutki-spoleczne-i-gospodarcze\/","title":{"rendered":"Druk 3D\/AM Zastosowania oraz skutki spo\u0142eczne i gospodarcze"},"content":{"rendered":"<p>Autor:<br \/>\nHelena Dodziuk<br \/>\nWydawca: Wydawnictwo Naukowe PWN<br \/>\nOprawa: Mi\u0119kka<br \/>\nFormat: 15.0&#215;23.5cm<br \/>\nLiczba stron: 308<br \/>\nWydanie: 1<br \/>\nRok wydania: 2019<br \/>\nJ\u0119zyk wydania: polski<\/p>\n<p>Druk 3D to tzw. wytwarzanie przyrostowe, po angielsku Additive Manufacturing, AM. Ten ostatni termin stosuje si\u0119 obecnie g\u0142\u00f3wnie do wytwarzania przemys\u0142owego. Publikacja w spos\u00f3b kompleksowy przedstawi najnowocze\u015bniejsz\u0105 wiedz\u0119 o zastosowaniu tej technologii, kt\u00f3ra zreszt\u0105 ma ju\u017c od dawna praktyczne zastosowanie (na \u015bwiecie i w Polsce).<\/p>\n<p>W ksi\u0105\u017cce tej \u2013 unikalnym przewodniku po zastosowaniu druku 3D\/AM w przemy\u015ble, medycynie, sztuce i nie tylko &#8211; Czytelnik b\u0119dzie mia\u0142 niezwyk\u0142\u0105 okazj\u0119 do zapoznania si\u0119 z t\u0105 najnowsz\u0105 technologi\u0105 wytwarzania, zmieniaj\u0105c\u0105 przemys\u0142, i w coraz wi\u0119kszym stopniu \u017cycie codzienne. Jest on cz\u0119\u015bci\u0105 trzeciej (czwartej?) rewolucji przemys\u0142owej, druk 3D\/AM odgrywa r\u00f3wnie\u017c istotn\u0105 rol\u0119 w Polsce.<\/p>\n<p>Czytelnik b\u0119dzie mia\u0142 okazj\u0119 przeczyta\u0107 przyk\u0142adowo o:<\/p>\n<p>zaletach i wadach technologii 3DP,<br \/>\nwalce firm, kt\u00f3re chc\u0105 na tej technologii zarabia\u0107 z entuzjastami, kt\u00f3rzy uwa\u017caj\u0105, \u017ce (podobnie jak internet) dost\u0119p do informacji o niej powinien by\u0107 bezp\u0142atny.<br \/>\nstronach internetowych z bezp\u0142atnymi (i\/lub p\u0142atnymi) wzorami do wydrukowania.<br \/>\nlicznych zastosowaniach tej technologii \u2013 np. w medycynie, przemy\u015ble lotniczym, kosmicznym, motoryzacyjnym, spo\u017cywczym, etc.,<br \/>\nimplikacjach zwi\u0105zanych z upowszechnianiem si\u0119 tej metody druku dla edukacji, ekologii czy popytu na prac\u0119;<br \/>\nfascynuj\u0105cych projektach artystycznych wykorzystuj\u0105cych druk 3D;<br \/>\nskomplikowanej sytuacji prawnej w tej dziedzinie;<br \/>\nskutkach gospodarczych i spo\u0142ecznych druku 3D\/AM.<\/p>\n<p>Publikacj\u0119 kierujemy zar\u00f3wno do uczni\u00f3w i student\u00f3w materia\u0142oznawstwa, medycyny czy szk\u00f3\u0142 plastycznych, ale tak\u017ce do in\u017cynier\u00f3w, prawnik\u00f3w, fascynat\u00f3w nowinek technicznych, zainteresowanych implikacjami tej technologii dla spo\u0142ecze\u0144stwa XXI w., a tak\u017ce do ka\u017cdego, kto zamierza kupi\u0107 w przysz\u0142o\u015bci drukark\u0119 3D.<\/p>\n","protected":false},"excerpt":{"rendered":"<p>Autor: Helena Dodziuk Wydawca: Wydawnictwo Naukowe PWN Oprawa: Mi\u0119kka Format: [&hellip;]<\/p>\n","protected":false},"featured_media":10584,"template":"","meta":[],"product_brand":[],"product_cat":[36],"product_tag":[7818,103,105],"class_list":{"0":"post-10583","1":"product","2":"type-product","3":"status-publish","4":"has-post-thumbnail","6":"product_cat-informatyka","7":"product_tag-druk-3d","8":"product_tag-informatyka","9":"product_tag-materialoznawstwo","11":"first","12":"instock","13":"sale","14":"shipping-taxable","15":"purchasable","16":"product-type-simple"},"_links":{"self":[{"href":"http:\/\/ksiegarnia-akademicka.pl\/index.php\/wp-json\/wp\/v2\/product\/10583","targetHints":{"allow":["GET"]}}],"collection":[{"href":"http:\/\/ksiegarnia-akademicka.pl\/index.php\/wp-json\/wp\/v2\/product"}],"about":[{"href":"http:\/\/ksiegarnia-akademicka.pl\/index.php\/wp-json\/wp\/v2\/types\/product"}],"wp:featuredmedia":[{"embeddable":true,"href":"http:\/\/ksiegarnia-akademicka.pl\/index.php\/wp-json\/wp\/v2\/media\/10584"}],"wp:attachment":[{"href":"http:\/\/ksiegarnia-akademicka.pl\/index.php\/wp-json\/wp\/v2\/media?parent=10583"}],"wp:term":[{"taxonomy":"product_brand","embeddable":true,"href":"http:\/\/ksiegarnia-akademicka.pl\/index.php\/wp-json\/wp\/v2\/product_brand?post=10583"},{"taxonomy":"product_cat","embeddable":true,"href":"http:\/\/ksiegarnia-akademicka.pl\/index.php\/wp-json\/wp\/v2\/product_cat?post=10583"},{"taxonomy":"product_tag","embeddable":true,"href":"http:\/\/ksiegarnia-akademicka.pl\/index.php\/wp-json\/wp\/v2\/product_tag?post=10583"}],"curies":[{"name":"wp","href":"https:\/\/api.w.org\/{rel}","templated":true}]}}