{"id":10559,"date":"2019-03-22T09:09:29","date_gmt":"2019-03-22T08:09:29","guid":{"rendered":"http:\/\/ksiegarnia-akademicka.pl\/?post_type=product&#038;p=10559"},"modified":"2019-03-22T09:09:30","modified_gmt":"2019-03-22T08:09:30","slug":"przestrzenie-mediow-i-dziennikarstwa","status":"publish","type":"product","link":"http:\/\/ksiegarnia-akademicka.pl\/index.php\/product\/przestrzenie-mediow-i-dziennikarstwa\/","title":{"rendered":"Przestrzenie medi\u00f3w i dziennikarstwa"},"content":{"rendered":"<p>Autor:<br \/>\nJerzy Jastrz\u0119bski<br \/>\nWydawca: Wydawnictwo Uniwersytetu Jagiello\u0144skiego<br \/>\nOprawa: Mi\u0119kka<br \/>\nFormat: 14.5&#215;20.5cm<br \/>\nLiczba stron: 262<br \/>\nRok wydania: 2019<br \/>\nJ\u0119zyk wydania: polski<\/p>\n<p>\u201eKsi\u0105\u017cka Jerzego Jastrz\u0119bskiego jest zbiorem artyku\u0142\u00f3w i esej\u00f3w, kt\u00f3re \u0142\u0105czy przedmiot refleksji \u2013 media, dziennikarstwo i komunikacja spo\u0142eczna. Wsp\u00f3ln\u0105 cech\u0105 wszystkich tekst\u00f3w sk\u0142adaj\u0105cych si\u0119 na publikacj\u0119 jest wartka narracja, pi\u0119kny j\u0119zyk oraz liczne odniesienia do bogatej interdyscyplinarnej literatury przedmiotu. Podejmowana w poszczeg\u00f3lnych rozdzia\u0142ach tematyka jest obudowana solidnym i szerokim kontekstem historycznym i kulturowym. Czytelnik dowie si\u0119, jakie teorie i paradygmaty dotycz\u0105ce oddzia\u0142ywania medi\u00f3w dominowa\u0142y w przesz\u0142o\u015bci, jakie s\u0105 wsp\u00f3\u0142czesne ustalenia, co wp\u0142yn\u0119\u0142o na zmiany oraz jakie mog\u0105 by\u0107 ich konsekwencje.<\/p>\n<p>Zakres tematyczny poszczeg\u00f3lnych w\u0105tk\u00f3w jest bardzo szeroki \u2013 od rozwa\u017ca\u0144 metanaukowych i definicyjnych, przez krytyczn\u0105 analiz\u0119 paradygmat\u00f3w i wp\u0142ywowych teorii medioznawczych, po charakterystyk\u0119 i analiz\u0119 istniej\u0105cego stanu medi\u00f3w i problem\u00f3w wsp\u00f3\u0142czesnego dziennikarstwa.<\/p>\n<p>Zalet\u0105 publikacji jest \u0142\u0105czenie perspektyw wielu dyscyplin naukowych, dzi\u0119ki czemu poszczeg\u00f3lne problemy zwi\u0105zane ze wsp\u00f3\u0142czesnymi mediami oraz dziennikarstwem, a tak\u017ce nowymi zjawiskami w komunikacji spo\u0142ecznej zosta\u0142y ukazane w szerokim kontek\u015bcie nauk humanistycznych i spo\u0142ecznych. Solidny warsztat naukowy i interdyscyplinarna wiedza autora sprawiaj\u0105, \u017ce otrzymujemy dzie\u0142o, w kt\u00f3rym wszyscy zainteresowani mediami i dziennikarstwem znajd\u0105 co\u015b ciekawego i frapuj\u0105cego, cho\u0107by w postaci nowej perspektywy, dzi\u0119ki kt\u00f3rej zjawisko pozornie znane i dobrze opisane w literaturze medioznawczej nabiera nowego znaczenia i rodzi ch\u0119\u0107 pod\u0105\u017cenia nowym tropem w badaniach\u201d.<\/p>\n<p>Z recenzji dr hab. Katarzyny Pokornej-Ignatowicz, prof. KA<\/p>\n","protected":false},"excerpt":{"rendered":"<p>Autor: Jerzy Jastrz\u0119bski Wydawca: Wydawnictwo Uniwersytetu Jagiello\u0144skiego Oprawa: Mi\u0119kka Format: [&hellip;]<\/p>\n","protected":false},"featured_media":10560,"template":"","meta":[],"product_brand":[],"product_cat":[7629],"product_tag":[4508,2389],"class_list":{"0":"post-10559","1":"product","2":"type-product","3":"status-publish","4":"has-post-thumbnail","6":"product_cat-filologia-polska","7":"product_tag-dziennikarstwo","8":"product_tag-media","10":"first","11":"instock","12":"sale","13":"shipping-taxable","14":"purchasable","15":"product-type-simple"},"_links":{"self":[{"href":"http:\/\/ksiegarnia-akademicka.pl\/index.php\/wp-json\/wp\/v2\/product\/10559","targetHints":{"allow":["GET"]}}],"collection":[{"href":"http:\/\/ksiegarnia-akademicka.pl\/index.php\/wp-json\/wp\/v2\/product"}],"about":[{"href":"http:\/\/ksiegarnia-akademicka.pl\/index.php\/wp-json\/wp\/v2\/types\/product"}],"wp:featuredmedia":[{"embeddable":true,"href":"http:\/\/ksiegarnia-akademicka.pl\/index.php\/wp-json\/wp\/v2\/media\/10560"}],"wp:attachment":[{"href":"http:\/\/ksiegarnia-akademicka.pl\/index.php\/wp-json\/wp\/v2\/media?parent=10559"}],"wp:term":[{"taxonomy":"product_brand","embeddable":true,"href":"http:\/\/ksiegarnia-akademicka.pl\/index.php\/wp-json\/wp\/v2\/product_brand?post=10559"},{"taxonomy":"product_cat","embeddable":true,"href":"http:\/\/ksiegarnia-akademicka.pl\/index.php\/wp-json\/wp\/v2\/product_cat?post=10559"},{"taxonomy":"product_tag","embeddable":true,"href":"http:\/\/ksiegarnia-akademicka.pl\/index.php\/wp-json\/wp\/v2\/product_tag?post=10559"}],"curies":[{"name":"wp","href":"https:\/\/api.w.org\/{rel}","templated":true}]}}