{"id":10555,"date":"2019-03-22T09:04:19","date_gmt":"2019-03-22T08:04:19","guid":{"rendered":"http:\/\/ksiegarnia-akademicka.pl\/?post_type=product&#038;p=10555"},"modified":"2019-03-22T09:04:20","modified_gmt":"2019-03-22T08:04:20","slug":"problemy-spoleczne-grupy-wyszehradzkiej","status":"publish","type":"product","link":"http:\/\/ksiegarnia-akademicka.pl\/index.php\/product\/problemy-spoleczne-grupy-wyszehradzkiej\/","title":{"rendered":"Problemy spo\u0142eczne Grupy Wyszehradzkiej"},"content":{"rendered":"<p>Autor:<br \/>\nLucjan Mi\u015b<br \/>\nWydawca: Wydawnictwo Uniwersytetu Jagiello\u0144skiego<br \/>\nOprawa: Mi\u0119kka ze skrzyde\u0142kami<br \/>\nFormat: 16.0&#215;23.5cm<br \/>\nLiczba stron: 212<br \/>\nWydanie: 1<br \/>\nRok wydania: 2019<br \/>\nJ\u0119zyk wydania: polski<\/p>\n<p>\u201eJeden z w\u0105tk\u00f3w podj\u0119tych w niniejszej publikacji to kwestia osobliwo\u015bci kraj\u00f3w Grupy Wyszehradzkiej. Wiele wskazuje na to, \u017ce wspomniany byt ma charakter polityczny i cho\u0107by z tego wzgl\u0119du stanowi socjologiczny artefakt. Niewykluczone, \u017ce jest tak istotnie, ale wypada r\u00f3wnie\u017c dostrzec, i\u017c polityka nie funkcjonuje w spo\u0142ecznej pr\u00f3\u017cni \u2013 poza politycznymi sojuszami, mniej czy bardziej chwiejnymi, istniej\u0105 jednak trwa\u0142e (na przyk\u0142ad kulturowe) podstawy tych sojusz\u00f3w.<\/p>\n<p>Maj\u0105c na wzgl\u0119dzie szczeg\u00f3\u0142owe analizy zawarte w ksi\u0105\u017cce, trzeba stwierdzi\u0107, \u017ce Lucjan Mi\u015b wykona\u0142 mr\u00f3wcz\u0105 prac\u0119 \u2013 zestawi\u0142 trudno dost\u0119pne dane, rzadko wykorzystywane w pracach o charakterze por\u00f3wnawczym. Zada\u0142 sobie r\u00f3wnie\u017c trud pokazania dynamiki spo\u0142ecznej percepcji zjawisk opisywanych jako \u201eproblemy spo\u0142eczne\u201d, co stanowi dogodny punkt wyj\u015bcia do analiz wprawdzie wykraczaj\u0105cych poza zamys\u0142 Autora, ale takich, kt\u00f3re \u2013 pr\u0119dzej czy p\u00f3\u017aniej \u2013 zostan\u0105 podj\u0119te, tj. do analiz umo\u017cliwiaj\u0105cych odpowied\u017a na pytanie, jak poszczeg\u00f3lne kraje Grupy Wyszehradzkiej radz\u0105 sobie z rozmaitymi dynamizmami gospodarczymi i jak reaguj\u0105 na coraz powszechniejsze nastroje obezw\u0142adniaj\u0105cej niepewno\u015bci\u201d.<br \/>\nZ recenzji dra hab. Kazimierza K. Frieske, prof. APS<\/p>\n","protected":false},"excerpt":{"rendered":"<p>Autor: Lucjan Mi\u015b Wydawca: Wydawnictwo Uniwersytetu Jagiello\u0144skiego Oprawa: Mi\u0119kka ze [&hellip;]<\/p>\n","protected":false},"featured_media":10556,"template":"","meta":[],"product_brand":[],"product_cat":[27,7507,7510],"product_tag":[74,225],"class_list":{"0":"post-10555","1":"product","2":"type-product","3":"status-publish","4":"has-post-thumbnail","6":"product_cat-nauki-spoleczne","7":"product_cat-politologia","8":"product_cat-polityka-spoleczna","9":"product_tag-politologia","10":"product_tag-polityka-spoleczna","12":"first","13":"instock","14":"sale","15":"shipping-taxable","16":"purchasable","17":"product-type-simple"},"_links":{"self":[{"href":"http:\/\/ksiegarnia-akademicka.pl\/index.php\/wp-json\/wp\/v2\/product\/10555","targetHints":{"allow":["GET"]}}],"collection":[{"href":"http:\/\/ksiegarnia-akademicka.pl\/index.php\/wp-json\/wp\/v2\/product"}],"about":[{"href":"http:\/\/ksiegarnia-akademicka.pl\/index.php\/wp-json\/wp\/v2\/types\/product"}],"wp:featuredmedia":[{"embeddable":true,"href":"http:\/\/ksiegarnia-akademicka.pl\/index.php\/wp-json\/wp\/v2\/media\/10556"}],"wp:attachment":[{"href":"http:\/\/ksiegarnia-akademicka.pl\/index.php\/wp-json\/wp\/v2\/media?parent=10555"}],"wp:term":[{"taxonomy":"product_brand","embeddable":true,"href":"http:\/\/ksiegarnia-akademicka.pl\/index.php\/wp-json\/wp\/v2\/product_brand?post=10555"},{"taxonomy":"product_cat","embeddable":true,"href":"http:\/\/ksiegarnia-akademicka.pl\/index.php\/wp-json\/wp\/v2\/product_cat?post=10555"},{"taxonomy":"product_tag","embeddable":true,"href":"http:\/\/ksiegarnia-akademicka.pl\/index.php\/wp-json\/wp\/v2\/product_tag?post=10555"}],"curies":[{"name":"wp","href":"https:\/\/api.w.org\/{rel}","templated":true}]}}