{"id":1055,"date":"2018-05-22T12:42:45","date_gmt":"2018-05-22T10:42:45","guid":{"rendered":"http:\/\/ksiegarnia-akademicka.pl\/index.php\/product\/diagnoza-psychopedagogiczna-podstawowe-problemy-i-rozwiazania\/"},"modified":"2022-09-06T11:33:31","modified_gmt":"2022-09-06T09:33:31","slug":"diagnoza-psychopedagogiczna-podstawowe-problemy-i-rozwiazania","status":"publish","type":"product","link":"http:\/\/ksiegarnia-akademicka.pl\/index.php\/product\/diagnoza-psychopedagogiczna-podstawowe-problemy-i-rozwiazania\/","title":{"rendered":"Diagnoza psychopedagogiczna Podstawowe problemy i rozwi\u0105zania"},"content":{"rendered":"<p>Autor:<br \/>\nEwa Jarosz<br \/>\nEwa Wysocka<br \/>\nWydawca: \u017bAK Wydawnictwo Akademickie<br \/>\nOprawa: Mi\u0119kka<br \/>\nFormat: 14.5&#215;20.5cm<br \/>\nLiczba stron: 429<br \/>\nRok wydania: 2012<\/p>\n<p>Chc\u0105c wskaza\u0107 g\u0142\u00f3wne zalety tego podr\u0119cznika, podkre\u015bli\u0142bym &#8211; po pierwsze &#8211; uniwersalno\u015b\u0107 jego tre\u015bci z obszaru diagnostyki psychopedagogicznej. Po wt\u00f3re &#8211; to, \u017ce w trafny spos\u00f3b dopasowuje warsztat i narz\u0119dzia poznania do reali\u00f3w kulturowych i spo\u0142ecznych badanej rzeczywisto\u015bci. A jest to istotne, jako \u017ce procesy wychowawcze s\u0105 silnie uwik\u0142ane w niepowtarzalne realia otoczenia cz\u0142owieka. Ukazuje to wyra\u017anie zar\u00f3wno perspektywa teoretyczna, kt\u00f3r\u0105 w pierwszej cz\u0119\u015bci pracy kre\u015bl\u0105 Autorki, jak i prezentowane w niej obszernie rozwi\u0105zania metodologiczne.<br \/>\nProf. dr hab. Tadeusz Pilch (S\u0142owo wst\u0119pne)<\/p>\n","protected":false},"excerpt":{"rendered":"<p>Autor: Ewa Jarosz Ewa Wysocka Wydawca: \u017bAK Wydawnictwo Akademickie Oprawa: [&hellip;]<\/p>\n","protected":false},"featured_media":9157,"template":"","meta":[],"product_brand":[],"product_cat":[28],"product_tag":[46,1195,3176,1186],"class_list":{"0":"post-1055","1":"product","2":"type-product","3":"status-publish","4":"has-post-thumbnail","6":"product_cat-pedagogika","7":"product_tag-dydaktyka","8":"product_tag-edukacja","9":"product_tag-obszary-diagnozy-psychopedagogicznej","10":"product_tag-psychologia","12":"first","13":"outofstock","14":"sale","15":"shipping-taxable","16":"purchasable","17":"product-type-simple"},"_links":{"self":[{"href":"http:\/\/ksiegarnia-akademicka.pl\/index.php\/wp-json\/wp\/v2\/product\/1055","targetHints":{"allow":["GET"]}}],"collection":[{"href":"http:\/\/ksiegarnia-akademicka.pl\/index.php\/wp-json\/wp\/v2\/product"}],"about":[{"href":"http:\/\/ksiegarnia-akademicka.pl\/index.php\/wp-json\/wp\/v2\/types\/product"}],"wp:featuredmedia":[{"embeddable":true,"href":"http:\/\/ksiegarnia-akademicka.pl\/index.php\/wp-json\/wp\/v2\/media\/9157"}],"wp:attachment":[{"href":"http:\/\/ksiegarnia-akademicka.pl\/index.php\/wp-json\/wp\/v2\/media?parent=1055"}],"wp:term":[{"taxonomy":"product_brand","embeddable":true,"href":"http:\/\/ksiegarnia-akademicka.pl\/index.php\/wp-json\/wp\/v2\/product_brand?post=1055"},{"taxonomy":"product_cat","embeddable":true,"href":"http:\/\/ksiegarnia-akademicka.pl\/index.php\/wp-json\/wp\/v2\/product_cat?post=1055"},{"taxonomy":"product_tag","embeddable":true,"href":"http:\/\/ksiegarnia-akademicka.pl\/index.php\/wp-json\/wp\/v2\/product_tag?post=1055"}],"curies":[{"name":"wp","href":"https:\/\/api.w.org\/{rel}","templated":true}]}}