{"id":10539,"date":"2019-03-21T09:49:19","date_gmt":"2019-03-21T08:49:19","guid":{"rendered":"http:\/\/ksiegarnia-akademicka.pl\/?post_type=product&#038;p=10539"},"modified":"2019-03-21T09:49:20","modified_gmt":"2019-03-21T08:49:20","slug":"niesamowite-przygody-dziesieciu-skarpetek-czterech-prawych-i-szesciu-lewych","status":"publish","type":"product","link":"http:\/\/ksiegarnia-akademicka.pl\/index.php\/product\/niesamowite-przygody-dziesieciu-skarpetek-czterech-prawych-i-szesciu-lewych\/","title":{"rendered":"Niesamowite przygody dziesi\u0119ciu skarpetek czterech prawych i sze\u015bciu lewych"},"content":{"rendered":"<p>Autor:<br \/>\nJustyna Bednarek<br \/>\nIlustracje: de Latour Daniel<br \/>\nWydawca: Poradnia K<br \/>\nOprawa: Twarda<br \/>\nFormat: 16.5&#215;24.0cm<br \/>\nLiczba stron: 160<br \/>\nWydanie: 1<br \/>\nRok wydania: 2015<br \/>\nJ\u0119zyk wydania: polski<\/p>\n<p>Czy nie zastanawia\u0142o Was, gdzie znikaj\u0105 wrzucone do pralki skarpetki? Bo jest faktem, \u017ce zniakj\u0105, skoro wsadzamy je parami, a wyjmujemy pojedy\u0144cze. Przynajmniej w domu Ma\u0142ej Be. Ot\u00f3\u017c zaginione skarpetki ruszaj\u0105 w \u015bwiat, robi\u0105 zawrotne kariery i maj\u0105 \u015bwietne przygody: zostaj\u0105 gwiazdami filmowymi, detektywami, mysimi mamami albo po prostu uszczelniaj\u0105 wronie gniazdo.<\/p>\n","protected":false},"excerpt":{"rendered":"<p>Autor: Justyna Bednarek Ilustracje: de Latour Daniel Wydawca: Poradnia K [&hellip;]<\/p>\n","protected":false},"featured_media":10540,"template":"","meta":[],"product_brand":[],"product_cat":[7707],"product_tag":[7817],"class_list":{"0":"post-10539","1":"product","2":"type-product","3":"status-publish","4":"has-post-thumbnail","6":"product_cat-literatura","7":"product_tag-literatura-dziecieca","9":"first","10":"instock","11":"sale","12":"shipping-taxable","13":"purchasable","14":"product-type-simple"},"_links":{"self":[{"href":"http:\/\/ksiegarnia-akademicka.pl\/index.php\/wp-json\/wp\/v2\/product\/10539","targetHints":{"allow":["GET"]}}],"collection":[{"href":"http:\/\/ksiegarnia-akademicka.pl\/index.php\/wp-json\/wp\/v2\/product"}],"about":[{"href":"http:\/\/ksiegarnia-akademicka.pl\/index.php\/wp-json\/wp\/v2\/types\/product"}],"wp:featuredmedia":[{"embeddable":true,"href":"http:\/\/ksiegarnia-akademicka.pl\/index.php\/wp-json\/wp\/v2\/media\/10540"}],"wp:attachment":[{"href":"http:\/\/ksiegarnia-akademicka.pl\/index.php\/wp-json\/wp\/v2\/media?parent=10539"}],"wp:term":[{"taxonomy":"product_brand","embeddable":true,"href":"http:\/\/ksiegarnia-akademicka.pl\/index.php\/wp-json\/wp\/v2\/product_brand?post=10539"},{"taxonomy":"product_cat","embeddable":true,"href":"http:\/\/ksiegarnia-akademicka.pl\/index.php\/wp-json\/wp\/v2\/product_cat?post=10539"},{"taxonomy":"product_tag","embeddable":true,"href":"http:\/\/ksiegarnia-akademicka.pl\/index.php\/wp-json\/wp\/v2\/product_tag?post=10539"}],"curies":[{"name":"wp","href":"https:\/\/api.w.org\/{rel}","templated":true}]}}