{"id":10537,"date":"2019-03-21T09:46:23","date_gmt":"2019-03-21T08:46:23","guid":{"rendered":"http:\/\/ksiegarnia-akademicka.pl\/?post_type=product&#038;p=10537"},"modified":"2024-12-04T14:18:26","modified_gmt":"2024-12-04T13:18:26","slug":"wspoluzaleznienie-doswiadczenia-zon-alkoholikow-w-perspektywie-biograficznej","status":"publish","type":"product","link":"http:\/\/ksiegarnia-akademicka.pl\/index.php\/product\/wspoluzaleznienie-doswiadczenia-zon-alkoholikow-w-perspektywie-biograficznej\/","title":{"rendered":"Wsp\u00f3\u0142uzale\u017cnienie Do\u015bwiadczenia \u017con alkoholik\u00f3w w perspektywie biograficznej"},"content":{"rendered":"<p>Nale\u017cy do serii:<br \/>\nENGRAM<br \/>\nAutor:<br \/>\nWioletta Klimczak<br \/>\nWydawca: Difin<br \/>\nOprawa: Mi\u0119kka<br \/>\nFormat: 16.0&#215;23.0cm<br \/>\nLiczba stron: 184<br \/>\nRok wydania: 2019<br \/>\nJ\u0119zyk wydania: polski<\/p>\n<p>Publikacja przedstawia opisy symptom\u00f3w i psychologicznej perspektywy wsp\u00f3\u0142uzale\u017cnienia, koncepcje wsp\u00f3\u0142uzale\u017cnienia zar\u00f3wno w uj\u0119ciu choroby, jak i zaburze\u0144 osobowo\u015bci oraz adaptacji do stresuj\u0105cej sytuacji. Dodatkowo s\u0105 w niej zawarte opisy form pomocy psychologicznej udzielanej osobom wsp\u00f3\u0142uzale\u017cnionym. W prezentowanych badaniach udzia\u0142 wzi\u0119\u0142y trzydzie\u015bci dwie kobiety, kt\u00f3re podj\u0119\u0142y terapi\u0119 ze wzgl\u0119du na swoje trudno\u015bci \u017cyciowe. Wyniki bada\u0144 pozwoli\u0142y zrozumie\u0107 wp\u0142yw tych do\u015bwiadcze\u0144 na proces tworzenia przekona\u0144 o sobie, interpretowania w\u0142asnego \u017cycia i nadawania mu sensu, warto\u015bciowania innych ludzi, i kszta\u0142towania relacji z nimi. Ksi\u0105\u017cka mo\u017ce s\u0142u\u017cy\u0107 za punkt odniesienia w interpretowaniu wsp\u00f3\u0142uzale\u017cnienia jako reakcji adaptacyjnej na trudne i stresuj\u0105ce sytuacje do\u015bwiadczane w dzieci\u0144stwie, kt\u00f3re przyczyni\u0142y si\u0119 do wykszta\u0142cenia takich cech osobowych, kt\u00f3re w p\u00f3\u017aniejszym okresie \u017cycia zosta\u0142y rozpoznane jako wsp\u00f3\u0142uzale\u017cnienie.<\/p>\n","protected":false},"excerpt":{"rendered":"<p>Nale\u017cy do serii: ENGRAM Autor: Wioletta Klimczak Wydawca: Difin Oprawa: [&hellip;]<\/p>\n","protected":false},"featured_media":10538,"template":"","meta":[],"product_brand":[],"product_cat":[27,7509],"product_tag":[1186,1742],"class_list":{"0":"post-10537","1":"product","2":"type-product","3":"status-publish","4":"has-post-thumbnail","6":"product_cat-nauki-spoleczne","7":"product_cat-psychologia","8":"product_tag-psychologia","9":"product_tag-uzaleznienia","11":"first","12":"instock","13":"sale","14":"shipping-taxable","15":"purchasable","16":"product-type-simple"},"_links":{"self":[{"href":"http:\/\/ksiegarnia-akademicka.pl\/index.php\/wp-json\/wp\/v2\/product\/10537","targetHints":{"allow":["GET"]}}],"collection":[{"href":"http:\/\/ksiegarnia-akademicka.pl\/index.php\/wp-json\/wp\/v2\/product"}],"about":[{"href":"http:\/\/ksiegarnia-akademicka.pl\/index.php\/wp-json\/wp\/v2\/types\/product"}],"wp:featuredmedia":[{"embeddable":true,"href":"http:\/\/ksiegarnia-akademicka.pl\/index.php\/wp-json\/wp\/v2\/media\/10538"}],"wp:attachment":[{"href":"http:\/\/ksiegarnia-akademicka.pl\/index.php\/wp-json\/wp\/v2\/media?parent=10537"}],"wp:term":[{"taxonomy":"product_brand","embeddable":true,"href":"http:\/\/ksiegarnia-akademicka.pl\/index.php\/wp-json\/wp\/v2\/product_brand?post=10537"},{"taxonomy":"product_cat","embeddable":true,"href":"http:\/\/ksiegarnia-akademicka.pl\/index.php\/wp-json\/wp\/v2\/product_cat?post=10537"},{"taxonomy":"product_tag","embeddable":true,"href":"http:\/\/ksiegarnia-akademicka.pl\/index.php\/wp-json\/wp\/v2\/product_tag?post=10537"}],"curies":[{"name":"wp","href":"https:\/\/api.w.org\/{rel}","templated":true}]}}