{"id":10523,"date":"2019-03-20T08:58:58","date_gmt":"2019-03-20T07:58:58","guid":{"rendered":"http:\/\/ksiegarnia-akademicka.pl\/?post_type=product&#038;p=10523"},"modified":"2024-12-04T14:20:56","modified_gmt":"2024-12-04T13:20:56","slug":"realizacja-celow-osobistych-w-obszarze-pracy-i-rodziny-u-przedsiebiorcow","status":"publish","type":"product","link":"http:\/\/ksiegarnia-akademicka.pl\/index.php\/product\/realizacja-celow-osobistych-w-obszarze-pracy-i-rodziny-u-przedsiebiorcow\/","title":{"rendered":"Realizacja cel\u00f3w osobistych w obszarze pracy i rodziny u przedsi\u0119biorc\u00f3w"},"content":{"rendered":"<p>Autor: Kinga \u0141agowska<br \/>\nWydawnictwo UTH<br \/>\nRadom 2019<br \/>\nSeria: Monografie nr 215<br \/>\nISSN 1642-5278<\/p>\n","protected":false},"excerpt":{"rendered":"<p>Autor: Kinga \u0141agowska Wydawnictwo UTH Radom 2019 Seria: Monografie nr [&hellip;]<\/p>\n","protected":false},"featured_media":10525,"template":"","meta":[],"product_brand":[],"product_cat":[7594,43],"product_tag":[51,5037,7593],"class_list":{"0":"post-10523","1":"product","2":"type-product","3":"status-publish","4":"has-post-thumbnail","6":"product_cat-pedagogika-wydawnictwo-uth","7":"product_cat-wydawnictwo-uth","8":"product_tag-pedagogika","9":"product_tag-seria-monografie","10":"product_tag-wydawnictwo-uth","12":"first","13":"instock","14":"shipping-taxable","15":"purchasable","16":"product-type-simple"},"_links":{"self":[{"href":"http:\/\/ksiegarnia-akademicka.pl\/index.php\/wp-json\/wp\/v2\/product\/10523","targetHints":{"allow":["GET"]}}],"collection":[{"href":"http:\/\/ksiegarnia-akademicka.pl\/index.php\/wp-json\/wp\/v2\/product"}],"about":[{"href":"http:\/\/ksiegarnia-akademicka.pl\/index.php\/wp-json\/wp\/v2\/types\/product"}],"wp:featuredmedia":[{"embeddable":true,"href":"http:\/\/ksiegarnia-akademicka.pl\/index.php\/wp-json\/wp\/v2\/media\/10525"}],"wp:attachment":[{"href":"http:\/\/ksiegarnia-akademicka.pl\/index.php\/wp-json\/wp\/v2\/media?parent=10523"}],"wp:term":[{"taxonomy":"product_brand","embeddable":true,"href":"http:\/\/ksiegarnia-akademicka.pl\/index.php\/wp-json\/wp\/v2\/product_brand?post=10523"},{"taxonomy":"product_cat","embeddable":true,"href":"http:\/\/ksiegarnia-akademicka.pl\/index.php\/wp-json\/wp\/v2\/product_cat?post=10523"},{"taxonomy":"product_tag","embeddable":true,"href":"http:\/\/ksiegarnia-akademicka.pl\/index.php\/wp-json\/wp\/v2\/product_tag?post=10523"}],"curies":[{"name":"wp","href":"https:\/\/api.w.org\/{rel}","templated":true}]}}