{"id":10514,"date":"2019-03-18T09:14:04","date_gmt":"2019-03-18T08:14:04","guid":{"rendered":"http:\/\/ksiegarnia-akademicka.pl\/?post_type=product&#038;p=10514"},"modified":"2019-03-18T09:24:03","modified_gmt":"2019-03-18T08:24:03","slug":"podrecznik-projektowania-architektoniczno-budowlanego","status":"publish","type":"product","link":"http:\/\/ksiegarnia-akademicka.pl\/index.php\/product\/podrecznik-projektowania-architektoniczno-budowlanego\/","title":{"rendered":"Podr\u0119cznik projektowania architektoniczno budowlanego"},"content":{"rendered":"<p>Autor:<br \/>\nErnst Neufert<br \/>\nWydawca: Arkady<br \/>\nOprawa: Twarda<br \/>\nFormat: 21.0&#215;29.5cm<br \/>\nLiczba stron: 568<br \/>\nWydanie: 4<br \/>\nRok wydania: 2011<br \/>\nJ\u0119zyk wydania: polski<\/p>\n<p>Dzie\u0142o to, wci\u0105\u017c aktualizowane, reprezentuj\u0105ce zawsze najnowszy stan wiedzy, s\u0142u\u017cy studentom i in\u017cynierom od dziesi\u0105tk\u00f3w lat.<br \/>\nNiniejsze wydanie, czwarte polskie, zosta\u0142o gruntownie przeredagowane i dostosowane do wymog\u00f3w wsp\u00f3\u0142czesno\u015bci. Z uwagi na rosn\u0105c\u0105 odpowiedzialno\u015b\u0107 projektanta wobec \u015brodowiska pog\u0142\u0119biono i rozwini\u0119to szczeg\u00f3lnie aspekty biologii budowli i budowania w\u015br\u00f3d staniu istniej\u0105cego.<br \/>\nWiele temat\u00f3w uzupe\u0142niono, dodano te\u017c takie nowe dziedziny, jak urz\u0105dzenia SPA i pralnie. Na nowo przemy\u015blano rozdzia\u0142y o kszta\u0142towaniu krajobrazu i o pracach wykonywanych w otoczeniu domu, obecnie coraz bardziej zintegrowane z projektowaniem architektonicznym.<\/p>\n","protected":false},"excerpt":{"rendered":"<p>Autor: Ernst Neufert Wydawca: Arkady Oprawa: Twarda Format: 21.0&#215;29.5cm Liczba [&hellip;]<\/p>\n","protected":false},"featured_media":10515,"template":"","meta":[],"product_brand":[],"product_cat":[7812],"product_tag":[193,7816],"class_list":{"0":"post-10514","1":"product","2":"type-product","3":"status-publish","4":"has-post-thumbnail","6":"product_cat-architektura-i-budownictwo","7":"product_tag-architektura","8":"product_tag-projektowanie-architektoniczne","10":"first","11":"instock","12":"sale","13":"shipping-taxable","14":"purchasable","15":"product-type-simple"},"_links":{"self":[{"href":"http:\/\/ksiegarnia-akademicka.pl\/index.php\/wp-json\/wp\/v2\/product\/10514","targetHints":{"allow":["GET"]}}],"collection":[{"href":"http:\/\/ksiegarnia-akademicka.pl\/index.php\/wp-json\/wp\/v2\/product"}],"about":[{"href":"http:\/\/ksiegarnia-akademicka.pl\/index.php\/wp-json\/wp\/v2\/types\/product"}],"wp:featuredmedia":[{"embeddable":true,"href":"http:\/\/ksiegarnia-akademicka.pl\/index.php\/wp-json\/wp\/v2\/media\/10515"}],"wp:attachment":[{"href":"http:\/\/ksiegarnia-akademicka.pl\/index.php\/wp-json\/wp\/v2\/media?parent=10514"}],"wp:term":[{"taxonomy":"product_brand","embeddable":true,"href":"http:\/\/ksiegarnia-akademicka.pl\/index.php\/wp-json\/wp\/v2\/product_brand?post=10514"},{"taxonomy":"product_cat","embeddable":true,"href":"http:\/\/ksiegarnia-akademicka.pl\/index.php\/wp-json\/wp\/v2\/product_cat?post=10514"},{"taxonomy":"product_tag","embeddable":true,"href":"http:\/\/ksiegarnia-akademicka.pl\/index.php\/wp-json\/wp\/v2\/product_tag?post=10514"}],"curies":[{"name":"wp","href":"https:\/\/api.w.org\/{rel}","templated":true}]}}