{"id":10491,"date":"2019-03-15T11:32:41","date_gmt":"2019-03-15T10:32:41","guid":{"rendered":"http:\/\/ksiegarnia-akademicka.pl\/?post_type=product&#038;p=10491"},"modified":"2019-03-15T11:32:56","modified_gmt":"2019-03-15T10:32:56","slug":"rolnictwo-czesc-2-produkcja-zwierzeca-bydlo-i-trzoda-chlewna-podrecznik-technik-rolnik","status":"publish","type":"product","link":"http:\/\/ksiegarnia-akademicka.pl\/index.php\/product\/rolnictwo-czesc-2-produkcja-zwierzeca-bydlo-i-trzoda-chlewna-podrecznik-technik-rolnik\/","title":{"rendered":"Rolnictwo Cz\u0119\u015b\u0107 2 Produkcja zwierz\u0119ca Byd\u0142o i trzoda chlewna Podr\u0119cznik Technik rolnik"},"content":{"rendered":"<p>Autor:<br \/>\nPraca zbiorowa<br \/>\nRedakcja: Na\u0142\u0119cz-Tarwacka Teresa<br \/>\nWydawca: Hortpress<br \/>\nOprawa: Mi\u0119kka<br \/>\nFormat: 16.5&#215;23.5cm<br \/>\nLiczba stron: 276<br \/>\nWydanie: 1<br \/>\nRok wydania: 2014<br \/>\nJ\u0119zyk wydania: polski<\/p>\n<p>Podr\u0119cznik napisany zgodnie z najnowszym programem nauczania i przeznaczony dla uczni\u00f3w szk\u00f3\u0142 kszta\u0142c\u0105cych w zawodzie \u2018technik rolnik\u2019 na poziomie technikum w zakresie kwalifikacji: R.3. Prowadzenie produkcji rolniczej i R.16. Organizacja i nadzorowanie produkcji rolniczej. Cz\u0119\u015b\u0107 II podr\u0119cznika obejmuje zagadnienia zwi\u0105zane z chowem byd\u0142a i trzody chlewnej.<\/p>\n","protected":false},"excerpt":{"rendered":"<p>Autor: Praca zbiorowa Redakcja: Na\u0142\u0119cz-Tarwacka Teresa Wydawca: Hortpress Oprawa: Mi\u0119kka [&hellip;]<\/p>\n","protected":false},"featured_media":10492,"template":"","meta":[],"product_brand":[],"product_cat":[7634],"product_tag":[7811],"class_list":{"0":"post-10491","1":"product","2":"type-product","3":"status-publish","4":"has-post-thumbnail","6":"product_cat-rolnictwo","7":"product_tag-rolnictwo-produkcja-zwierzeca","9":"first","10":"outofstock","11":"sale","12":"shipping-taxable","13":"purchasable","14":"product-type-simple"},"_links":{"self":[{"href":"http:\/\/ksiegarnia-akademicka.pl\/index.php\/wp-json\/wp\/v2\/product\/10491","targetHints":{"allow":["GET"]}}],"collection":[{"href":"http:\/\/ksiegarnia-akademicka.pl\/index.php\/wp-json\/wp\/v2\/product"}],"about":[{"href":"http:\/\/ksiegarnia-akademicka.pl\/index.php\/wp-json\/wp\/v2\/types\/product"}],"wp:featuredmedia":[{"embeddable":true,"href":"http:\/\/ksiegarnia-akademicka.pl\/index.php\/wp-json\/wp\/v2\/media\/10492"}],"wp:attachment":[{"href":"http:\/\/ksiegarnia-akademicka.pl\/index.php\/wp-json\/wp\/v2\/media?parent=10491"}],"wp:term":[{"taxonomy":"product_brand","embeddable":true,"href":"http:\/\/ksiegarnia-akademicka.pl\/index.php\/wp-json\/wp\/v2\/product_brand?post=10491"},{"taxonomy":"product_cat","embeddable":true,"href":"http:\/\/ksiegarnia-akademicka.pl\/index.php\/wp-json\/wp\/v2\/product_cat?post=10491"},{"taxonomy":"product_tag","embeddable":true,"href":"http:\/\/ksiegarnia-akademicka.pl\/index.php\/wp-json\/wp\/v2\/product_tag?post=10491"}],"curies":[{"name":"wp","href":"https:\/\/api.w.org\/{rel}","templated":true}]}}