{"id":10440,"date":"2019-03-12T09:02:11","date_gmt":"2019-03-12T08:02:11","guid":{"rendered":"http:\/\/ksiegarnia-akademicka.pl\/?post_type=product&#038;p=10440"},"modified":"2023-11-08T10:41:17","modified_gmt":"2023-11-08T09:41:17","slug":"wywiad-diagnostyczny-z-dziecmi-i-mlodzieza-rozpoznanie-zgodne-z-dsm-5","status":"publish","type":"product","link":"http:\/\/ksiegarnia-akademicka.pl\/index.php\/product\/wywiad-diagnostyczny-z-dziecmi-i-mlodzieza-rozpoznanie-zgodne-z-dsm-5\/","title":{"rendered":"Wywiad diagnostyczny z dzie\u0107mi i m\u0142odzie\u017c\u0105 Rozpoznanie zgodne z DSM-5"},"content":{"rendered":"<p>Autor:<br \/>\nJames Morrison<br \/>\nT\u0142umacze: Andruszko Robert<br \/>\nWydawca: Wydawnictwo Uniwersytetu Jagiello\u0144skiego<br \/>\nOprawa: Mi\u0119kka ze skrzyde\u0142kami<br \/>\nFormat: 17.0&#215;24.0cm<br \/>\nLiczba stron: 528<br \/>\nRok wydania: 2022<br \/>\nJ\u0119zyk wydania: polski<\/p>\n<p>Kompendium wiedzy diagnostycznej dostosowane do obowi\u0105zuj\u0105cej klasyfikacji.<\/p>\n<p>Sprawdzony podr\u0119cznik, dzi\u0119ki kt\u00f3remu tysi\u0105ce klinicyst\u00f3w i student\u00f3w zdoby\u0142y umiej\u0119tno\u015bci niezb\u0119dne do badania niemowl\u0105t, dzieci i nastolatk\u00f3w z problemami psychicznymi o r\u00f3\u017cnym charakterze. Obja\u015bniaj\u0105c zar\u00f3wno sztuk\u0119, jak i metod\u0119 naukow\u0105 diagnozowania dziecka, ksi\u0105\u017cka ta \u0142\u0105czy trafne porady dotycz\u0105ce przeprowadzania wywiadu z wa\u017cnymi informacjami na temat r\u00f3\u017cnorodnych zaburze\u0144 psychicznych i behawioralnych. Opracowanie zosta\u0142o dostosowane do klasyfikacji DSM-5 oraz ICD-10-CM &#8211; zawiera obowi\u0105zuj\u0105ce obecnie kody i terminologi\u0119. Dodatkowo wzbogacono je o opisy prototyp\u00f3w, zwi\u0119\u017ale ukazuj\u0105ce istot\u0119 kryteri\u00f3w DSM-5.<\/p>\n<p>Autorzy, prowadz\u0105c czytelnika krok po kroku przez proces wst\u0119pnego wywiadu, wyja\u015bniaj\u0105, jak nawi\u0105za\u0107 dobr\u0105 relacj\u0119 z dzieckiem i rodzicami oraz wydoby\u0107 informacje potrzebne do postawienia roboczego rozpoznania. Strategie komunikowania si\u0119 z dzie\u0107mi w r\u00f3\u017cnym wieku z wykorzystaniem zabawek, rysunk\u00f3w, lalek i innych form zabawy zilustrowano przyk\u0142adowymi transkrypcjami wywiad\u00f3w, opatrzonymi przypisami. W ksi\u0105\u017cce szczeg\u00f3\u0142owo om\u00f3wiono zaburzenia rozpoznawane zwykle po raz pierwszy w dzieci\u0144stwie, jak r\u00f3wnie\u017c zaburzenia teoretycznie typowe dla os\u00f3b doros\u0142ych, kt\u00f3re wyst\u0119puj\u0105 niekiedy u m\u0142odszych pacjent\u00f3w. Kryteria DSM-5 prze\u0142o\u017cono na prosty, zrozumia\u0142y j\u0119zyk, zwracaj\u0105c uwag\u0119 na r\u00f3\u017cnice rozwojowe dotycz\u0105ce obrazu klinicznego.<\/p>\n<p>Podr\u0119cznik uzupe\u0142niaj\u0105 uwagi dotycz\u0105ce kodowania, praktyczne wskaz\u00f3wki potrzebne do przeprowadzenia wywiadu, \u017cywe opisy kliniczne, przykladowy raport pisemny oraz kwestionariusz dla rodzic\u00f3w, z kt\u00f3rego mo\u017cna skorzysta\u0107 w trakcie pracy. To doskona\u0142a lektura dla klinicyst\u00f3w, terapeut\u00f3w i student\u00f3w takich specjalno\u015bci, jak psychologia kliniczna dziecka, psychiatria, poradnictwo, praca socjalna i psychologia szkolna.<\/p>\n","protected":false},"excerpt":{"rendered":"<p>Autor: James Morrison T\u0142umacze: Andruszko Robert Wydawca: Wydawnictwo Uniwersytetu Jagiello\u0144skiego [&hellip;]<\/p>\n","protected":false},"featured_media":10441,"template":"","meta":[],"product_brand":[],"product_cat":[28],"product_tag":[85,51,1665],"class_list":{"0":"post-10440","1":"product","2":"type-product","3":"status-publish","4":"has-post-thumbnail","6":"product_cat-pedagogika","7":"product_tag-diagnostyka","8":"product_tag-pedagogika","9":"product_tag-psychiatria","11":"first","12":"instock","13":"sale","14":"shipping-taxable","15":"purchasable","16":"product-type-simple"},"_links":{"self":[{"href":"http:\/\/ksiegarnia-akademicka.pl\/index.php\/wp-json\/wp\/v2\/product\/10440","targetHints":{"allow":["GET"]}}],"collection":[{"href":"http:\/\/ksiegarnia-akademicka.pl\/index.php\/wp-json\/wp\/v2\/product"}],"about":[{"href":"http:\/\/ksiegarnia-akademicka.pl\/index.php\/wp-json\/wp\/v2\/types\/product"}],"wp:featuredmedia":[{"embeddable":true,"href":"http:\/\/ksiegarnia-akademicka.pl\/index.php\/wp-json\/wp\/v2\/media\/10441"}],"wp:attachment":[{"href":"http:\/\/ksiegarnia-akademicka.pl\/index.php\/wp-json\/wp\/v2\/media?parent=10440"}],"wp:term":[{"taxonomy":"product_brand","embeddable":true,"href":"http:\/\/ksiegarnia-akademicka.pl\/index.php\/wp-json\/wp\/v2\/product_brand?post=10440"},{"taxonomy":"product_cat","embeddable":true,"href":"http:\/\/ksiegarnia-akademicka.pl\/index.php\/wp-json\/wp\/v2\/product_cat?post=10440"},{"taxonomy":"product_tag","embeddable":true,"href":"http:\/\/ksiegarnia-akademicka.pl\/index.php\/wp-json\/wp\/v2\/product_tag?post=10440"}],"curies":[{"name":"wp","href":"https:\/\/api.w.org\/{rel}","templated":true}]}}