{"id":10419,"date":"2019-03-11T09:27:57","date_gmt":"2019-03-11T08:27:57","guid":{"rendered":"http:\/\/ksiegarnia-akademicka.pl\/?post_type=product&#038;p=10419"},"modified":"2024-12-04T14:02:08","modified_gmt":"2024-12-04T13:02:08","slug":"o-norwidzie-komparatystycznie","status":"publish","type":"product","link":"http:\/\/ksiegarnia-akademicka.pl\/index.php\/product\/o-norwidzie-komparatystycznie\/","title":{"rendered":"O Norwidzie komparatystycznie"},"content":{"rendered":"<p>Autor:<br \/>\nMagdalena Siwiec<br \/>\nWydawca: Wydawnictwo Uniwersytetu Jagiello\u0144skiego<br \/>\nOprawa: Mi\u0119kka<br \/>\nFormat: 15.0&#215;23.5cm<br \/>\nLiczba stron: 470<br \/>\nWydanie: 1<br \/>\nRok wydania: 2019<br \/>\nJ\u0119zyk wydania: polski<\/p>\n<p>Celem ksi\u0105\u017cki O Norwidzie kpmparatystycznie. jest ukazanie tw\u00f3rczo\u015bci, zar\u00f3wno literackiej, jak i plastycznej, polskiego poety &#8211; uznawanego za \u201ezjawisko osobne&#8221; w naszej kulturze \u2014 w uj\u0119ciu komparatystycznym. Taka perspektywa ma z jednej strony wyeksponowa\u0107 niepowtarzalno\u015b\u0107, swoisto\u015b\u0107 jego dzie\u0142a, z drugiej za\u015b \u2014 jego przynale\u017cno\u015b\u0107 do \u00f3wczesnych \u015bwiatowych tendencji ideowych i estetycznych. Badacze, norwidolodzy i komparaty\u015bci, analizuj\u0105c wypowiedzi pisarza, wskazuj\u0105 mo\u017cliwe nawi\u0105zania Norwida do tych tendencji, a tak\u017ce spos\u00f3b, w jaki podejmuje on tw\u00f3rczy dialog z tradycj\u0105, wypracowuj\u0105c w\u0142asny model kultury.<\/p>\n","protected":false},"excerpt":{"rendered":"<p>Autor: Magdalena Siwiec Wydawca: Wydawnictwo Uniwersytetu Jagiello\u0144skiego Oprawa: Mi\u0119kka Format: [&hellip;]<\/p>\n","protected":false},"featured_media":10420,"template":"","meta":[],"product_brand":[],"product_cat":[7627],"product_tag":[7805,6300],"class_list":{"0":"post-10419","1":"product","2":"type-product","3":"status-publish","4":"has-post-thumbnail","6":"product_cat-historia-literatury","7":"product_tag-c-k-norwid","8":"product_tag-literatura-polska","10":"first","11":"instock","12":"sale","13":"shipping-taxable","14":"purchasable","15":"product-type-simple"},"_links":{"self":[{"href":"http:\/\/ksiegarnia-akademicka.pl\/index.php\/wp-json\/wp\/v2\/product\/10419","targetHints":{"allow":["GET"]}}],"collection":[{"href":"http:\/\/ksiegarnia-akademicka.pl\/index.php\/wp-json\/wp\/v2\/product"}],"about":[{"href":"http:\/\/ksiegarnia-akademicka.pl\/index.php\/wp-json\/wp\/v2\/types\/product"}],"wp:featuredmedia":[{"embeddable":true,"href":"http:\/\/ksiegarnia-akademicka.pl\/index.php\/wp-json\/wp\/v2\/media\/10420"}],"wp:attachment":[{"href":"http:\/\/ksiegarnia-akademicka.pl\/index.php\/wp-json\/wp\/v2\/media?parent=10419"}],"wp:term":[{"taxonomy":"product_brand","embeddable":true,"href":"http:\/\/ksiegarnia-akademicka.pl\/index.php\/wp-json\/wp\/v2\/product_brand?post=10419"},{"taxonomy":"product_cat","embeddable":true,"href":"http:\/\/ksiegarnia-akademicka.pl\/index.php\/wp-json\/wp\/v2\/product_cat?post=10419"},{"taxonomy":"product_tag","embeddable":true,"href":"http:\/\/ksiegarnia-akademicka.pl\/index.php\/wp-json\/wp\/v2\/product_tag?post=10419"}],"curies":[{"name":"wp","href":"https:\/\/api.w.org\/{rel}","templated":true}]}}