{"id":104,"date":"2018-05-22T12:40:47","date_gmt":"2018-05-22T10:40:47","guid":{"rendered":"http:\/\/ksiegarnia-akademicka.pl\/index.php\/product\/analiza-matematyczna-1-definicje-twierdzenia-wzory\/"},"modified":"2022-10-17T16:21:30","modified_gmt":"2022-10-17T14:21:30","slug":"analiza-matematyczna-1-definicje-twierdzenia-wzory","status":"publish","type":"product","link":"http:\/\/ksiegarnia-akademicka.pl\/index.php\/product\/analiza-matematyczna-1-definicje-twierdzenia-wzory\/","title":{"rendered":"Analiza matematyczna 1 Definicje, twierdzenia, wzory"},"content":{"rendered":"<p>Marian Gewert, Zbigniew Skoczylas<br \/>\nAnaliza matematyczna 1<br \/>\nDefinicje, twierdzenia, wzory<br \/>\nWydanie XXVI poprawione<br \/>\nWroc\u0142aw 2019, str. 160<br \/>\nISBN 978-83-62780-65-5<\/p>\n<p>Jest to pierwsza cz\u0119\u015b\u0107 zestawu podr\u0119cznik\u00f3w do Analizy matematycznej 1. Ksi\u0105\u017cka zawiera zagadnienia teoretyczne omawiane na wyk\u0142adach z tego przedmiotu. Materia\u0142 w podr\u0119czniku obejmuje rachunek r\u00f3\u017cniczkowy oraz ca\u0142kowy funkcji jednej zmiennej wraz z zastosowaniami w geometrii, fizyce i technice. Przedstawione zagadnienia zako\u0144czone s\u0105 \u0107wiczeniami, przy czym pocz\u0105tkowe z nich s\u0105 z regu\u0142y najprostsze. Do wszystkich \u0107wicze\u0144 podane s\u0105 odpowiedzi lub wskaz\u00f3wki. Podr\u0119cznik jest bogato ilustrowany (zawiera ponad 300 rysunk\u00f3w i wykres\u00f3w). W obecnym wydaniu zmieniono niekt\u00f3re dowody twierdze\u0144, a ponadto do\u0142\u0105czono nowe \u0107wiczenia oraz rysunki. Ksi\u0105\u017cka jest przeznaczona g\u0142ownie dla studentow politechnik. Mog\u0105 z niej korzysta\u0107 tak\u017ce studenci uczelni ekonomicznych, pedagogicznych i rolniczych oraz wydzia\u0142\u00f3w nauk \u015bcis\u0142ych uniwersytetow.<\/p>\n","protected":false},"excerpt":{"rendered":"<p>Marian Gewert, Zbigniew Skoczylas Analiza matematyczna 1 Definicje, twierdzenia, wzory [&hellip;]<\/p>\n","protected":false},"featured_media":9038,"template":"","meta":[],"product_brand":[],"product_cat":[7519,35],"product_tag":[253,252],"class_list":{"0":"post-104","1":"product","2":"type-product","3":"status-publish","4":"has-post-thumbnail","6":"product_cat-matematyka","7":"product_cat-matematyka-i-jej-zastosowania","8":"product_tag-matematyka","9":"product_tag-matematyka-dla-studentow-politechnik","11":"first","12":"instock","13":"shipping-taxable","14":"purchasable","15":"product-type-simple"},"_links":{"self":[{"href":"http:\/\/ksiegarnia-akademicka.pl\/index.php\/wp-json\/wp\/v2\/product\/104","targetHints":{"allow":["GET"]}}],"collection":[{"href":"http:\/\/ksiegarnia-akademicka.pl\/index.php\/wp-json\/wp\/v2\/product"}],"about":[{"href":"http:\/\/ksiegarnia-akademicka.pl\/index.php\/wp-json\/wp\/v2\/types\/product"}],"wp:featuredmedia":[{"embeddable":true,"href":"http:\/\/ksiegarnia-akademicka.pl\/index.php\/wp-json\/wp\/v2\/media\/9038"}],"wp:attachment":[{"href":"http:\/\/ksiegarnia-akademicka.pl\/index.php\/wp-json\/wp\/v2\/media?parent=104"}],"wp:term":[{"taxonomy":"product_brand","embeddable":true,"href":"http:\/\/ksiegarnia-akademicka.pl\/index.php\/wp-json\/wp\/v2\/product_brand?post=104"},{"taxonomy":"product_cat","embeddable":true,"href":"http:\/\/ksiegarnia-akademicka.pl\/index.php\/wp-json\/wp\/v2\/product_cat?post=104"},{"taxonomy":"product_tag","embeddable":true,"href":"http:\/\/ksiegarnia-akademicka.pl\/index.php\/wp-json\/wp\/v2\/product_tag?post=104"}],"curies":[{"name":"wp","href":"https:\/\/api.w.org\/{rel}","templated":true}]}}