{"id":10345,"date":"2019-02-09T12:47:50","date_gmt":"2019-02-09T11:47:50","guid":{"rendered":"http:\/\/ksiegarnia-akademicka.pl\/?post_type=product&#038;p=10345"},"modified":"2019-02-09T12:47:51","modified_gmt":"2019-02-09T11:47:51","slug":"pisma-i-umowy-z-zakresu-prawa-pracy-materialnego-i-procesowego-z-objasnieniami-i-plyta-cd","status":"publish","type":"product","link":"http:\/\/ksiegarnia-akademicka.pl\/index.php\/product\/pisma-i-umowy-z-zakresu-prawa-pracy-materialnego-i-procesowego-z-objasnieniami-i-plyta-cd\/","title":{"rendered":"Pisma i umowy z zakresu prawa pracy (materialnego i procesowego) z obja\u015bnieniami i p\u0142yt\u0105 CD"},"content":{"rendered":"<p>Autor: dr Tomasz Niedzi\u0144ski<br \/>\nSeria: Wzory Pism Becka<br \/>\nRok wydania: 2018<br \/>\nISBN: 978-83-812-8666-4<br \/>\nLiczba stron: 472<br \/>\nOprawa: Mi\u0119kka ze skrzyde\u0142kami <\/p>\n<p>Pisma i umowy z zakresu prawa pracy (materialnego i procesowego) z obja\u015bnieniami i p\u0142yt\u0105 CD to publikacja, kt\u00f3ra zawiera zestawienie wzor\u00f3w najcz\u0119\u015bciej wyst\u0119puj\u0105cych w praktyce, tworzonych na podstawie przepis\u00f3w Kodeksu pracy.<\/p>\n<p>Publikacja zosta\u0142a podzielona na dwie cz\u0119\u015bci.<\/p>\n<p>Cz\u0119\u015b\u0107 I zawiera wzory um\u00f3w i pism z zakresu materialnego prawa pracy podzielone na rozdzia\u0142y:<\/p>\n<p>umowy o prac\u0119 reguluj\u0105ce stosunki pomi\u0119dzy pracodawc\u0105 a pracownikiem, m.in.:<br \/>\numowa o prac\u0119 zawarta na okres pr\u00f3bny,<br \/>\numowa o prac\u0119 na czas okre\u015blony,<br \/>\numowa o prac\u0119 na czas nieokre\u015blony,<br \/>\numowa sezonowa,<br \/>\numowa o teleprac\u0119,<br \/>\npisma i o\u015bwiadczenia pomi\u0119dzy pracodawc\u0105 a pracownikiem, m.in.:<br \/>\no\u015bwiadczenie pracodawcy o rozwi\u0105zaniu dotychczasowych warunk\u00f3w pracy i p\u0142acy (tzw. wypowiedzenie zmieniaj\u0105ce),<br \/>\no\u015bwiadczenie pracodawcy o wypowiedzeniu umowy o prac\u0119 na czas okre\u015blony,<br \/>\no\u015bwiadczenie pracodawcy o wypowiedzeniu umowy o prac\u0119 na czas nieokre\u015blony,<br \/>\nwypowiedzenie umowy o prac\u0119 przez pracownika,<br \/>\no\u015bwiadczenie o rozwi\u0105zaniu umowy o prac\u0119 za porozumieniem stron,<br \/>\npodstawowe wewn\u0105trzzak\u0142adowe \u017ar\u00f3d\u0142a prawa pracy, m.in.:<br \/>\nRegulamin pracy,<br \/>\nRegulamin wynagradzania,<br \/>\nRegulamin premiowania,<br \/>\nodpowiedzialno\u015b\u0107 materialna pracownik\u00f3w, m.in.:<br \/>\numowa o indywidualnej odpowiedzialno\u015bci materialnej za powierzone mienie,<br \/>\numowa o wsp\u00f3lnej odpowiedzialno\u015bci materialnej za powierzone mienie,<br \/>\numowa o zakazie konkurencji, m.in.:<br \/>\numowa o zakazie konkurencji w czasie trwania stosunku pracy na podstawie art. 1011 KP oraz po ustaniu stosunku pracy na podstawie art. 1012 KP,<br \/>\nzatrudnienie w formie umowy cywilnoprawnej w ramach przedsi\u0119biorstwa, m.in.:<br \/>\numowa o dzie\u0142o,<br \/>\numowa zlecenia,<br \/>\numowa agencyjna,<br \/>\nkontrakt mened\u017cerski,<br \/>\numowy o wsp\u00f3\u0142prac\u0119.<br \/>\nCz\u0119\u015b\u0107 II zawiera wzory pism procesowych z zakresu prawa pracy, m.in.:<\/p>\n<p>pe\u0142nomocnictwo procesowe og\u00f3lne,<br \/>\nodwo\u0142anie od rozwi\u0105zania umowy o prac\u0119 bez wypowiedzenia,<br \/>\npozew o zap\u0142at\u0119 odszkodowania za szkody wyrz\u0105dzone przez pracownika,<br \/>\npozew o przywr\u00f3cenie do pracy,<br \/>\nodwo\u0142anie od rozwi\u0105zania umowy o prac\u0119 bez wypowiedzenia,<br \/>\npozew pracownika o sprostowanie \u015bwiadectwa pracy \u2013 art. 97 \u00a7 2\u00b9 KP,<br \/>\npozew pracownika o zap\u0142at\u0119 odszkodowania wskutek niewydania \u015bwiadectwa pracy \u2013 art. 99 KP,<br \/>\nodwo\u0142anie do s\u0105du pracy od rozwi\u0105zania umowy o prac\u0119,<br \/>\nodwo\u0142anie od wypowiedzenia umowy o prac\u0119,<br \/>\ncofni\u0119cie pozwu w sprawach ze stosunku pracy,<br \/>\nodpowied\u017a na pozew,<br \/>\nsprzeciw od nakazu zap\u0142aty,<br \/>\nwniosek o powo\u0142anie bieg\u0142ego,<br \/>\nwniosek dowodowy,<br \/>\nwniosek o zwolnienie od koszt\u00f3w s\u0105dowych,<br \/>\nwniosek o zawieszenie post\u0119powania,<br \/>\nwniosek o sprostowanie wyroku,<br \/>\nwniosek o nadanie klauzuli wykonalno\u015bci wyrokowi,<br \/>\napelacja,<br \/>\nodpowied\u017a na apelacj\u0119,<br \/>\nskarga kasacyjna,<br \/>\nwniosek o wszcz\u0119cie post\u0119powania egzekucyjnego.<br \/>\nKa\u017cdy z wzor\u00f3w zawartych w opracowaniu uzupe\u0142niony zosta\u0142 o uwagi i obja\u015bnienia. Ponadto, obja\u015bnienia opatrzone zosta\u0142y has\u0142ami i po\u0142\u0105czone z odpowiednim fragmentem wzoru poprzez odpowiedni system literowych odes\u0142a\u0144. Ca\u0142o\u015b\u0107 dope\u0142niona zosta\u0142a orzecznictwem wraz z tezami dotycz\u0105cymi problematyki stosowania poszczeg\u00f3lnego pisma.<\/p>\n<p>Pisma i umowy z zakresu prawa pracy (materialnego i procesowego) z obja\u015bnieniami i p\u0142yt\u0105 CD przygotowano z my\u015bl\u0105 o osobach chc\u0105cych samodzielnie sporz\u0105dzi\u0107 okre\u015blone pismo, jednak ze wzgl\u0119du na ich szeroki zakres i uniwersalny charakter, a tak\u017ce zachowanie nazewnictwa i struktury s\u0105d\u00f3w oraz innych organ\u00f3w mog\u0105 by\u0107 one bardzo pomocne osobom \u015bwiadcz\u0105cym profesjonaln\u0105 pomoc prawn\u0105 tj. radcom prawnym i adwokatom. Autorzy omawiaj\u0105 zagadnienia z uwzgl\u0119dnieniem potrzeb teorii i praktyki, przez co ksi\u0105\u017cka stanowi nieocenion\u0105 pomoc dla aplikant\u00f3w i student\u00f3w prawa. Ksi\u0105\u017cka oka\u017ce si\u0119 r\u00f3wnie\u017c bardzo pomocna dla os\u00f3b prywatnych, kt\u00f3re na co dzie\u0144 spotykaj\u0105 si\u0119 z problemami z zakresu prawa pracy.<\/p>\n","protected":false},"excerpt":{"rendered":"<p>Autor: dr Tomasz Niedzi\u0144ski Seria: Wzory Pism Becka Rok wydania: [&hellip;]<\/p>\n","protected":false},"featured_media":10346,"template":"","meta":[],"product_brand":[],"product_cat":[18,7550],"product_tag":[793,7686,5036],"class_list":{"0":"post-10345","1":"product","2":"type-product","3":"status-publish","4":"has-post-thumbnail","6":"product_cat-prawo","7":"product_cat-prawo-pracy","8":"product_tag-prawo-pracy","9":"product_tag-seria-wzory-pism-becka","10":"product_tag-wzory-pism-procesowych","12":"first","13":"instock","14":"sale","15":"shipping-taxable","16":"purchasable","17":"product-type-simple"},"_links":{"self":[{"href":"http:\/\/ksiegarnia-akademicka.pl\/index.php\/wp-json\/wp\/v2\/product\/10345","targetHints":{"allow":["GET"]}}],"collection":[{"href":"http:\/\/ksiegarnia-akademicka.pl\/index.php\/wp-json\/wp\/v2\/product"}],"about":[{"href":"http:\/\/ksiegarnia-akademicka.pl\/index.php\/wp-json\/wp\/v2\/types\/product"}],"wp:featuredmedia":[{"embeddable":true,"href":"http:\/\/ksiegarnia-akademicka.pl\/index.php\/wp-json\/wp\/v2\/media\/10346"}],"wp:attachment":[{"href":"http:\/\/ksiegarnia-akademicka.pl\/index.php\/wp-json\/wp\/v2\/media?parent=10345"}],"wp:term":[{"taxonomy":"product_brand","embeddable":true,"href":"http:\/\/ksiegarnia-akademicka.pl\/index.php\/wp-json\/wp\/v2\/product_brand?post=10345"},{"taxonomy":"product_cat","embeddable":true,"href":"http:\/\/ksiegarnia-akademicka.pl\/index.php\/wp-json\/wp\/v2\/product_cat?post=10345"},{"taxonomy":"product_tag","embeddable":true,"href":"http:\/\/ksiegarnia-akademicka.pl\/index.php\/wp-json\/wp\/v2\/product_tag?post=10345"}],"curies":[{"name":"wp","href":"https:\/\/api.w.org\/{rel}","templated":true}]}}