{"id":10341,"date":"2019-02-09T12:42:52","date_gmt":"2019-02-09T11:42:52","guid":{"rendered":"http:\/\/ksiegarnia-akademicka.pl\/?post_type=product&#038;p=10341"},"modified":"2019-02-09T12:42:53","modified_gmt":"2019-02-09T11:42:53","slug":"pisma-procesowe-i-orzeczenia-sadowe-w-sprawach-rodzinnych-z-objasnieniami-i-plyta-cd-2","status":"publish","type":"product","link":"http:\/\/ksiegarnia-akademicka.pl\/index.php\/product\/pisma-procesowe-i-orzeczenia-sadowe-w-sprawach-rodzinnych-z-objasnieniami-i-plyta-cd-2\/","title":{"rendered":"Pisma procesowe i orzeczenia s\u0105dowe w sprawach rodzinnych z obja\u015bnieniami i p\u0142yt\u0105 CD"},"content":{"rendered":"<p>Autor: dr Krystyna Gromek<br \/>\nSeria: Wzory Pism Becka<br \/>\nRok wydania: 2018<br \/>\nWydanie: 3<br \/>\nISBN: 978-83-812-8558-2<br \/>\nLiczba stron: 962<br \/>\nOprawa: Mi\u0119kka <\/p>\n<p>Publikacja obejmuje ponad 250 wzor\u00f3w pism procesowych najcz\u0119\u015bciej wyst\u0119puj\u0105cych w sprawach rodzinnych \u2013 zamieszczonych zgodnie z systematyk\u0105 kodeksow\u0105.<\/p>\n<p>Niniejsze, 3. wydanie zawiera najnowsze zmiany wprowadzone m.in.:<\/p>\n<p>ustaw\u0105 o zmianie ustawy \u2013 Kodeks rodzinny i opieku\u0144czy z 18.3.2016 r. (Dz.U. z 2016 r. poz. 406), dotycz\u0105ce zamieszczenia dziecka w pieczy zast\u0119pczej (umieszczenie dziecka w pieczy zast\u0119pczej wbrew woli rodzic\u00f3w wy\u0142\u0105cznie z powodu ub\u00f3stwa nie jest dopuszczalne), kt\u00f3ra wesz\u0142a w \u017cycie 30.4.2016 r.;<br \/>\nustaw\u0105 z 10.6.2016 r. o zmianie ustawy \u2013 Kodeks rodzinny i opieku\u0144czy oraz niekt\u00f3rych innych ustaw (Dz.U. z 2016 r. poz. 1177) dotycz\u0105ce regulacji wp\u0142ywu \u015bwiadcze\u0144 socjalnych na istnienie i zakres obowi\u0105zku alimentacyjnego.<br \/>\nW publikacji uwzgl\u0119dniony zosta\u0142 dwustan prawny \u2013 dotychczas obowi\u0105zuj\u0105ce przepisy zestawione zosta\u0142y z przepisami projektu ustawy o zmianie ustawy \u2013 Kodeks post\u0119powania cywilnego oraz niekt\u00f3rych innych ustaw (UD 309). Projekt ten przewiduje szerokie zmiany m.in. w zakresie:<\/p>\n<p>przygotowania sprawy do rozpoznania;<br \/>\nprzeciwdzia\u0142ania nadu\u017cyciu prawa procesowego;<br \/>\nczynno\u015bci stron i s\u0105du w post\u0119powaniu dowodowym, przepis\u00f3w reguluj\u0105cych zeznania \u015bwiadk\u00f3w;<br \/>\nuzasadniania wyrok\u00f3w i post\u0119powania odwo\u0142awczego;<br \/>\npost\u0119powania w sprawach gospodarczych;<br \/>\nw\u0142a\u015bciwo\u015bci s\u0105d\u00f3w, sk\u0142adu s\u0105du, koszt\u00f3w procesu, publicznej dost\u0119pno\u015bci do posiedze\u0144 s\u0105du;<br \/>\npost\u0119powania zabezpieczaj\u0105cego;<br \/>\nkoszt\u00f3w s\u0105dowych.<br \/>\nKa\u017cdy wz\u00f3r opatrzony zosta\u0142 obszernym komentarzem z licznymi powo\u0142aniami na poszczeg\u00f3lne przepisy Kodeksu rodzinnego i opieku\u0144czego, dzi\u0119ki kt\u00f3rym Czytelnik mo\u017ce na bie\u017c\u0105co odnie\u015b\u0107 wz\u00f3r pisma do obowi\u0105zuj\u0105cej w tej materii regulacji prawnej. Dodatkowo zamieszczono powo\u0142ania na przepisy procedury cywilnej celem zapoznania si\u0119 Czytelnika z oczekuj\u0105cym go trybem post\u0119powania, co pozwala mu na w\u0142asn\u0105 aktywno\u015b\u0107 procesow\u0105 bez konieczno\u015bci korzystania z profesjonalnych porad prawnych i odp\u0142atnego zast\u0119pstwa procesowego.<\/p>\n<p>Ponadto w publikacji do ka\u017cdego wzoru dodane zosta\u0142y najwa\u017cniejsze orzeczenia wraz z tezami dotycz\u0105cymi problematyki stosowania poszczeg\u00f3lnego pisma.<\/p>\n<p>Autorka niniejszej publikacji \u2013 Krystyna Gromek \u2013 doktor nauk prawnych, s\u0119dzia S\u0105du Okr\u0119gowego IV Wydzia\u0142u Cywilnego w Warszawie postanowi\u0142a u\u0142atwi\u0107 Czytelnikowi zrozumienie regulacji prawnej dotycz\u0105cej prawa rodzinnego. Dlatego te\u017c wspieraj\u0105c si\u0119 swoj\u0105 wieloletni\u0105 prac\u0105 naukow\u0105 oraz praktyk\u0105 zawodow\u0105 przedstawia w spos\u00f3b zrozumia\u0142y wszystkie zagadnienia budz\u0105ce jakiekolwiek w\u0105tpliwo\u015bci.<\/p>\n<p>Wzory przeznaczone s\u0105 dla bardzo szerokiego kr\u0119gu odbiorc\u00f3w. Skierowane s\u0105 przede wszystkim do profesjonalist\u00f3w: adwokat\u00f3w, radc\u00f3w prawnych, notariuszy, rozpoczynaj\u0105cych karier\u0119 zawodow\u0105 s\u0119dzi\u00f3w i prokurator\u00f3w, kt\u00f3rym przyjdzie si\u0119 zmierzy\u0107 w pracy zawodowej z trudn\u0105 problematyk\u0105 prawa rodzinnego, przesycon\u0105 zar\u00f3wno kwestiami natury stricte prawnej, jak i psychopedagogicznej, socjologicznej i ekonomicznej.<\/p>\n<p>B\u0119d\u0105 one u\u017cyteczne r\u00f3wnie\u017c dla: student\u00f3w i absolwent\u00f3w studi\u00f3w prawniczych, aplikant\u00f3w adwokackich, radcowskich, s\u0105dowych i prokuratorskich oraz notarialnych, ale r\u00f3wnie\u017c dla os\u00f3b prywatnych, borykaj\u0105cych si\u0119 z problemami rodzinnymi, wymagaj\u0105cymi interwencji prawnej na drodze post\u0119powania s\u0105dowego.<\/p>\n","protected":false},"excerpt":{"rendered":"<p>Autor: dr Krystyna Gromek Seria: Wzory Pism Becka Rok wydania: [&hellip;]<\/p>\n","protected":false},"featured_media":10342,"template":"","meta":[],"product_brand":[],"product_cat":[7491,18],"product_tag":[645,7686,5036],"class_list":{"0":"post-10341","1":"product","2":"type-product","3":"status-publish","4":"has-post-thumbnail","6":"product_cat-cywilne","7":"product_cat-prawo","8":"product_tag-prawo-rodzinne","9":"product_tag-seria-wzory-pism-becka","10":"product_tag-wzory-pism-procesowych","12":"first","13":"instock","14":"sale","15":"shipping-taxable","16":"purchasable","17":"product-type-simple"},"_links":{"self":[{"href":"http:\/\/ksiegarnia-akademicka.pl\/index.php\/wp-json\/wp\/v2\/product\/10341","targetHints":{"allow":["GET"]}}],"collection":[{"href":"http:\/\/ksiegarnia-akademicka.pl\/index.php\/wp-json\/wp\/v2\/product"}],"about":[{"href":"http:\/\/ksiegarnia-akademicka.pl\/index.php\/wp-json\/wp\/v2\/types\/product"}],"wp:featuredmedia":[{"embeddable":true,"href":"http:\/\/ksiegarnia-akademicka.pl\/index.php\/wp-json\/wp\/v2\/media\/10342"}],"wp:attachment":[{"href":"http:\/\/ksiegarnia-akademicka.pl\/index.php\/wp-json\/wp\/v2\/media?parent=10341"}],"wp:term":[{"taxonomy":"product_brand","embeddable":true,"href":"http:\/\/ksiegarnia-akademicka.pl\/index.php\/wp-json\/wp\/v2\/product_brand?post=10341"},{"taxonomy":"product_cat","embeddable":true,"href":"http:\/\/ksiegarnia-akademicka.pl\/index.php\/wp-json\/wp\/v2\/product_cat?post=10341"},{"taxonomy":"product_tag","embeddable":true,"href":"http:\/\/ksiegarnia-akademicka.pl\/index.php\/wp-json\/wp\/v2\/product_tag?post=10341"}],"curies":[{"name":"wp","href":"https:\/\/api.w.org\/{rel}","templated":true}]}}