{"id":10339,"date":"2019-02-09T12:38:34","date_gmt":"2019-02-09T11:38:34","guid":{"rendered":"http:\/\/ksiegarnia-akademicka.pl\/?post_type=product&#038;p=10339"},"modified":"2019-02-09T12:40:53","modified_gmt":"2019-02-09T11:40:53","slug":"pisma-procesowe-w-sprawach-cywilnych-z-objasnieniami-i-plyta-cd-2","status":"publish","type":"product","link":"http:\/\/ksiegarnia-akademicka.pl\/index.php\/product\/pisma-procesowe-w-sprawach-cywilnych-z-objasnieniami-i-plyta-cd-2\/","title":{"rendered":"Pisma procesowe w sprawach cywilnych z obja\u015bnieniami i p\u0142yt\u0105 CD"},"content":{"rendered":"<p>Autor: adw. dr Marcin Bia\u0142ecki, dr Aleksandra Klich, prof. dr hab. Andrzej Zieli\u0144ski \u2020<br \/>\nSeria: Wzory Pism Becka<br \/>\nRok wydania: 2018<br \/>\nWydanie: 4<br \/>\nISBN: 978-83-8128-557-5<br \/>\nLiczba stron: 1160<br \/>\nOprawa: Mi\u0119kka <\/p>\n<p>WI\u0118CEJ O KSI\u0104\u017bCE Opis Darmowy dost\u0119p do akt\u00f3w prawnych online Pliki do pobrania<br \/>\nPublikacje z serii Wzory Pism Becka to opracowania zawieraj\u0105ce praktyczne wzory pism procesowych i um\u00f3w. Autorzy omawiaj\u0105 te zagadnienia z wyczuciem potrzeb praktyki, przez co ksi\u0105\u017cki z tej serii stanowi\u0105 profesjonaln\u0105 pomoc dla radc\u00f3w prawnych i adwokat\u00f3w.<\/p>\n<p>Pisma procesowe w sprawach cywilnych z obja\u015bnieniami i p\u0142yt\u0105 CD to publikacja, kt\u00f3ra zawiera oko\u0142o 300 wzor\u00f3w pism procesowych, obejmuj\u0105cych zar\u00f3wno procesowe, jak i materialnoprawne pisma tworzone na podstawie przepis\u00f3w Kodeksu cywilnego oraz Kodeksu post\u0119powania cywilnego. Obok wzoru konkretnego pisma modelowego, z uwzgl\u0119dnieniem jego poprawnej formy i wymaga\u0144 co do tre\u015bci, zamieszczono szczeg\u00f3\u0142owy komentarz, w kt\u00f3rym wskazano problemy wynikaj\u0105ce na tle tworzenia i stosowania konkretnych pism, w szczeg\u00f3lno\u015bci u\u0142atwiaj\u0105ce zrozumienie ich tre\u015bci oraz zawieraj\u0105ce praktyczne wskaz\u00f3wki odno\u015bnie stosowania prawa materialnego, jego wyk\u0142adni oraz czynno\u015bci procesowych zwi\u0105zanych z danym rodzajem pisma.<\/p>\n<p>Znakomity dodatek stanowi p\u0142yta CD zawieraj\u0105ca wersje edytowalne wzor\u00f3w zamieszczonych w opracowaniu.<\/p>\n<p>W niniejszym 4. wydaniu, zaktualizowano oraz uzupe\u0142niono wzory pism procesowych i komentarz. Publikacja uwzgl\u0119dnia wszystkie najnowsze zmiany, w tym wynikaj\u0105ce m.in. z:<\/p>\n<p>ustawy o zmianie ustawy o ochronie roszcze\u0144 pracowniczych w razie niewyp\u0142acalno\u015bci pracodawcy oraz ustawy o kosztach s\u0105dowych w sprawach cywilnych z 21.8.2017 r. (Dz.U. z 2017 r. poz. 1557);<br \/>\nustawy z 13.4.2018 r. o zmianie ustawy \u2013 Kodeks post\u0119powania cywilnego, ustawy o post\u0119powaniu egzekucyjnym w administracji oraz ustawy o ksi\u0119gach wieczystych i hipotece (Dz.U. z 2018 r. poz. 1009), kt\u00f3ry dotyczy dostosowania systemu prawa do wyroku TK, wprowadzenia przepis\u00f3w maj\u0105cych skuteczniej chroni\u0107 prawa wierzycieli, kt\u00f3rzy uzyskali zabezpieczenie swoich roszcze\u0144 pieni\u0119\u017cnych w postaci ustanowienia na maj\u0105tku d\u0142u\u017cnika: hipoteki przymusowej, zakazu zbywania lub obci\u0105\u017cania nieruchomo\u015bci, kt\u00f3ra nie ma ksi\u0119gi wieczystej, hipoteki morskiej, zakazu zbywania sp\u00f3\u0142dzielczego w\u0142asno\u015bciowego prawa do lokalu;<br \/>\nprojektu ustawy o zmianie ustawy \u2013 Kodeks post\u0119powania cywilnego (druk sejmowy Nr 1296), kt\u00f3ry dotyczy wprowadzenia mo\u017cliwo\u015bci wnoszenia sprzeciwu co do cz\u0119\u015bci nakazu wydanego w elektronicznym post\u0119powaniu upominawczym;<br \/>\nustawy z 1.3.2018 r. o zmianie ustawy o ewidencji ludno\u015bci oraz ustawy \u2013 Prawo o aktach stanu cywilnego (Dz.U. z 2018 r. poz. 696), kt\u00f3ry dotyczy wprowadzenia mo\u017cliwo\u015bci zg\u0142oszenia urodzenia dziecka oraz o\u015bwiadczenia o wyborze imienia dla dziecka w formie dokumentu elektronicznego, a tak\u017ce wydawania od 1.6.2018 r. w formie dokumentu elektronicznego, za\u015bwiadcze\u0144 o zameldowaniu na pobyt sta\u0142y lub czasowy; przyj\u0119to tak\u017ce regulacj\u0119, kt\u00f3ra pozwoli na ustalenie jednoznacznych relacji \u0142\u0105cz\u0105cych dziecko z jego rodzicami (chodzi o dodanie numer\u00f3w PESEL rodzic\u00f3w przy akcie urodzenia dziecka).<br \/>\nW publikacji uwzgl\u0119dniony zosta\u0142 dwustan prawny \u2013 dotychczas obowi\u0105zuj\u0105ce przepisy zestawione zosta\u0142y z przepisami projektu ustawy o zmianie ustawy \u2013 Kodeks post\u0119powania cywilnego oraz niekt\u00f3rych innych ustaw (UD 309). Projekt ten przewiduje szerokie zmiany m.in. w zakresie:<\/p>\n<p>przygotowania sprawy do rozpoznania;<br \/>\nprzeciwdzia\u0142ania nadu\u017cyciu prawa procesowego;<br \/>\nczynno\u015bci stron i s\u0105du w post\u0119powaniu dowodowym, przepis\u00f3w reguluj\u0105cych zeznania \u015bwiadk\u00f3w;<br \/>\nuzasadniania wyrok\u00f3w i post\u0119powania odwo\u0142awczego;<br \/>\npost\u0119powania w sprawach gospodarczych;<br \/>\nw\u0142a\u015bciwo\u015bci s\u0105d\u00f3w, sk\u0142adu s\u0105du, koszt\u00f3w procesu, publicznej dost\u0119pno\u015bci do posiedze\u0144 s\u0105du;<br \/>\npost\u0119powania zabezpieczaj\u0105cego;<br \/>\nkoszt\u00f3w s\u0105dowych.<br \/>\nPrezentowana publikacja podzielona jest na rozdzia\u0142y, w kt\u00f3rych znajduj\u0105 si\u0119 m.in. nast\u0119puj\u0105ce wzory:<\/p>\n<p>Pisma procesowe sporz\u0105dzone przed wszcz\u0119ciem procesu (m.in. wniosek osoby fizycznej o zwolnienie od koszt\u00f3w s\u0105dowych),<br \/>\nPozwy z zakresu cz\u0119\u015bci og\u00f3lnej Kodeksu cywilnego (m.in. pozew o ochron\u0119 d\u00f3br osobistych),<br \/>\nPozwy z zakresu prawa rzeczowego (m.in. pozew przeciwko w\u0142a\u015bcicielowi nieruchomo\u015bci o zaniechanie narusze\u0144),<br \/>\nPozwy z zakresu prawa zobowi\u0105zaniowego (m.in. pozew o uniewa\u017cnienie umowy z powodu wyzysku),<br \/>\nPozwy z zakresu prawa spadkowego (m.in. pow\u00f3dztwo o wy\u0142\u0105czenie ma\u0142\u017conka od dziedziczenia),<br \/>\nPozwy z zakresu prawa rodzinnego (m.in. pow\u00f3dztwo o zobowi\u0105zanie do przyczyniania si\u0119 do zaspokajania potrzeb rodziny),<br \/>\nWzory pism w post\u0119powaniu przed s\u0105dem I instancji (m.in. odpowied\u017a na pozew wraz z zarzutem niew\u0142a\u015bciwego okre\u015blenia warto\u015bci przedmiotu sporu),<br \/>\nZaskar\u017canie orzecze\u0144 s\u0105dowych (m.in. apelacja oparta na zarzucie naruszenia prawa materialnego),<br \/>\nWnioski i pisma procesowe w sprawach z zakresu prawa osobowego (m.in. wniosek o stwierdzenie zgonu),<br \/>\nWnioski w sprawach z zakresu prawa rzeczowego (m.in. wniosek o rozgraniczenie nieruchomo\u015bci),<br \/>\nWnioski i pisma procesowe w sprawach z zakresu prawa spadkowego (m.in. wniosek o otwarcie i og\u0142oszenie testamentu),<br \/>\nWnioski i pisma w sprawach z\u0142o\u017cenia przedmiotu \u015bwiadczenia do depozytu s\u0105dowego (m.in. wniosek d\u0142u\u017cnika o zwrot depozytu),<br \/>\nWnioski w innych sprawach (m.in. wniosek o umorzenie weksla),<br \/>\nWnioski i pisma w post\u0119powaniu w razie zagini\u0119cia lub zniszczenia akt (m.in. o\u015bwiadczenie strony co do tre\u015bci zaginionych akt),<br \/>\nPow\u00f3dztwo w post\u0119powaniu przeciwegzekucyjnym (m.in. wniosek o wszcz\u0119cie egzekucji z ruchomo\u015bci),<br \/>\nWzory z zakresu post\u0119powania mediacyjnego (m.in. ugoda zawarta przed mediatorem w ramach zabezpieczenia wraz z wnioskiem o zawieszenie post\u0119powania w sprawie o ustalenie kontakt\u00f3w).<br \/>\nPisma procesowe w sprawach cywilnych z obja\u015bnieniami i p\u0142yt\u0105 CD przygotowano z my\u015bl\u0105 o osobach chc\u0105cych samodzielnie sporz\u0105dzi\u0107 okre\u015blone pismo, jednak ze wzgl\u0119du na ich szeroki zakres i uniwersalny charakter, a tak\u017ce zachowanie nazewnictwa i struktury s\u0105d\u00f3w oraz innych organ\u00f3w mog\u0105 by\u0107 one bardzo pomocne osobom \u015bwiadcz\u0105cym profesjonaln\u0105 pomoc prawn\u0105, tj. radcom prawnym i adwokatom. Autor omawia zagadnienia z uwzgl\u0119dnieniem potrzeb teorii i praktyki, przez co ksi\u0105\u017cka stanowi nieocenion\u0105 pomoc dla aplikant\u00f3w i student\u00f3w prawa. Ksi\u0105\u017cka oka\u017ce si\u0119 r\u00f3wnie\u017c bardzo pomocna dla os\u00f3b prywatnych, kt\u00f3re na co dzie\u0144 spotykaj\u0105 si\u0119 z problemami w post\u0119powaniu cywilnym.<\/p>\n","protected":false},"excerpt":{"rendered":"<p>Autor: adw. dr Marcin Bia\u0142ecki, dr Aleksandra Klich, prof. dr [&hellip;]<\/p>\n","protected":false},"featured_media":10340,"template":"","meta":[],"product_brand":[],"product_cat":[7491,18],"product_tag":[615,7686,5036],"class_list":{"0":"post-10339","1":"product","2":"type-product","3":"status-publish","4":"has-post-thumbnail","6":"product_cat-cywilne","7":"product_cat-prawo","8":"product_tag-prawo-cywilne","9":"product_tag-seria-wzory-pism-becka","10":"product_tag-wzory-pism-procesowych","12":"first","13":"instock","14":"sale","15":"shipping-taxable","16":"purchasable","17":"product-type-simple"},"_links":{"self":[{"href":"http:\/\/ksiegarnia-akademicka.pl\/index.php\/wp-json\/wp\/v2\/product\/10339","targetHints":{"allow":["GET"]}}],"collection":[{"href":"http:\/\/ksiegarnia-akademicka.pl\/index.php\/wp-json\/wp\/v2\/product"}],"about":[{"href":"http:\/\/ksiegarnia-akademicka.pl\/index.php\/wp-json\/wp\/v2\/types\/product"}],"wp:featuredmedia":[{"embeddable":true,"href":"http:\/\/ksiegarnia-akademicka.pl\/index.php\/wp-json\/wp\/v2\/media\/10340"}],"wp:attachment":[{"href":"http:\/\/ksiegarnia-akademicka.pl\/index.php\/wp-json\/wp\/v2\/media?parent=10339"}],"wp:term":[{"taxonomy":"product_brand","embeddable":true,"href":"http:\/\/ksiegarnia-akademicka.pl\/index.php\/wp-json\/wp\/v2\/product_brand?post=10339"},{"taxonomy":"product_cat","embeddable":true,"href":"http:\/\/ksiegarnia-akademicka.pl\/index.php\/wp-json\/wp\/v2\/product_cat?post=10339"},{"taxonomy":"product_tag","embeddable":true,"href":"http:\/\/ksiegarnia-akademicka.pl\/index.php\/wp-json\/wp\/v2\/product_tag?post=10339"}],"curies":[{"name":"wp","href":"https:\/\/api.w.org\/{rel}","templated":true}]}}