{"id":10282,"date":"2019-02-01T09:04:29","date_gmt":"2019-02-01T08:04:29","guid":{"rendered":"http:\/\/ksiegarnia-akademicka.pl\/?post_type=product&#038;p=10282"},"modified":"2019-02-01T09:04:30","modified_gmt":"2019-02-01T08:04:30","slug":"efektywnosc-cieplno-przeplywowa-cieplowni-lokalnej-czesc-pierwsza","status":"publish","type":"product","link":"http:\/\/ksiegarnia-akademicka.pl\/index.php\/product\/efektywnosc-cieplno-przeplywowa-cieplowni-lokalnej-czesc-pierwsza\/","title":{"rendered":"Efektywno\u015b\u0107 cieplno-przep\u0142ywowa ciep\u0142owni lokalnej Cz\u0119\u015b\u0107 pierwsza"},"content":{"rendered":"<p>Autor:<br \/>\nTadeusz Noch<br \/>\nWydawca: Adam Marsza\u0142ek<br \/>\nOprawa: Mi\u0119kka<br \/>\nLiczba stron: 208<br \/>\nRok wydania: 2019<br \/>\nJ\u0119zyk wydania: polski<\/p>\n<p>Niniejsza ksi\u0105\u017cka zawiera cztery rozdzia\u0142y merytoryczne. Zrealizowane w niej cele poznawcze dotycz\u0105:<br \/>\n\u2013 zagadnie\u0144 wsp\u00f3\u0142pracy pomp ciep\u0142a z istniej\u0105cymi instalacjami grzewczymi w aspekcie technologicznym, eksploatacyjnym, ekonomicznym i ekologicznym;<br \/>\n\u2013 analizy doboru optymalnej mocy pomp ciep\u0142a z uwzgl\u0119dnieniem koszt\u00f3w ogrzewania;<br \/>\n\u2013 analizy bilansu energetycznego instalacji;<br \/>\n\u2013 analizy mo\u017cliwo\u015bci wykorzystania w uk\u0142adzie kogeneracyjnym silnika Stirlinga;<br \/>\n\u2013 analizy op\u0142acalno\u015bci zaopatrzenia w ciep\u0142o odbiorc\u00f3w zewn\u0119trznych.<br \/>\nRecenzent zwr\u00f3ci\u0142 uwag\u0119, \u017ce autor opracowa\u0142 kompleksow\u0105 metodologi\u0119 zwi\u0105zan\u0105 z popraw\u0105 efektywno\u015bci energetycznej, ekologicznej i ekonomicznej ma\u0142ych lokalnych ciep\u0142owni o mocy do oko\u0142o 500 kWc. Wskaza\u0142, \u017ce publikacja mo\u017ce mie\u0107 pozytywny wp\u0142yw na modernizacj\u0119 wielu lokalnych ciep\u0142owni przez wykorzystanie bardziej efektywnych \u017ar\u00f3de\u0142 ciep\u0142a b\u0105d\u017a prac\u0119 w trybie kogeneracji. Podj\u0119ta tematyka \u2013 oryginalna i innowacyjna \u2013 jest zgodna z tendencjami og\u00f3lno\u015bwiatowymi.<br \/>\nNiniejsza publikacja mo\u017ce by\u0107 przydatna doktorantom, studentom kierunk\u00f3w technicznych oraz innym czytelnikom, kt\u00f3rych interesuje szerokie zagadnienie ciep\u0142owni lokalnych.<\/p>\n","protected":false},"excerpt":{"rendered":"<p>Autor: Tadeusz Noch Wydawca: Adam Marsza\u0142ek Oprawa: Mi\u0119kka Liczba stron: [&hellip;]<\/p>\n","protected":false},"featured_media":10283,"template":"","meta":[],"product_brand":[],"product_cat":[7722,41],"product_tag":[7432,4247,7796],"class_list":{"0":"post-10282","1":"product","2":"type-product","3":"status-publish","4":"has-post-thumbnail","6":"product_cat-energetyka","7":"product_cat-nauki-techniczne","8":"product_tag-cieplownictwo","9":"product_tag-energetyka","10":"product_tag-pompy-ciepla","12":"first","13":"instock","14":"sale","15":"shipping-taxable","16":"purchasable","17":"product-type-simple"},"_links":{"self":[{"href":"http:\/\/ksiegarnia-akademicka.pl\/index.php\/wp-json\/wp\/v2\/product\/10282","targetHints":{"allow":["GET"]}}],"collection":[{"href":"http:\/\/ksiegarnia-akademicka.pl\/index.php\/wp-json\/wp\/v2\/product"}],"about":[{"href":"http:\/\/ksiegarnia-akademicka.pl\/index.php\/wp-json\/wp\/v2\/types\/product"}],"wp:featuredmedia":[{"embeddable":true,"href":"http:\/\/ksiegarnia-akademicka.pl\/index.php\/wp-json\/wp\/v2\/media\/10283"}],"wp:attachment":[{"href":"http:\/\/ksiegarnia-akademicka.pl\/index.php\/wp-json\/wp\/v2\/media?parent=10282"}],"wp:term":[{"taxonomy":"product_brand","embeddable":true,"href":"http:\/\/ksiegarnia-akademicka.pl\/index.php\/wp-json\/wp\/v2\/product_brand?post=10282"},{"taxonomy":"product_cat","embeddable":true,"href":"http:\/\/ksiegarnia-akademicka.pl\/index.php\/wp-json\/wp\/v2\/product_cat?post=10282"},{"taxonomy":"product_tag","embeddable":true,"href":"http:\/\/ksiegarnia-akademicka.pl\/index.php\/wp-json\/wp\/v2\/product_tag?post=10282"}],"curies":[{"name":"wp","href":"https:\/\/api.w.org\/{rel}","templated":true}]}}