{"id":10278,"date":"2019-02-01T08:59:01","date_gmt":"2019-02-01T07:59:01","guid":{"rendered":"http:\/\/ksiegarnia-akademicka.pl\/?post_type=product&#038;p=10278"},"modified":"2019-02-01T08:59:03","modified_gmt":"2019-02-01T07:59:03","slug":"bezpieczenstwo-i-higiena-pracy-pytania-i-odpowiedzi","status":"publish","type":"product","link":"http:\/\/ksiegarnia-akademicka.pl\/index.php\/product\/bezpieczenstwo-i-higiena-pracy-pytania-i-odpowiedzi\/","title":{"rendered":"Bezpiecze\u0144stwo i higiena pracy Pytania i odpowiedzi"},"content":{"rendered":"<p>Autor:<br \/>\nKazimierz Ko\u015bciukiewicz<br \/>\nRoman Majer<br \/>\nWydawca: Wolters Kluwer<br \/>\nOprawa: Mi\u0119kka<br \/>\nFormat: 14.5&#215;20.5cm<br \/>\nLiczba stron: 192<br \/>\nWydanie: 1<br \/>\nRok wydania: 2015<\/p>\n<p>Publikacja jest swoistym przewodnikiem po problematyce bezpiecze\u0144stwa i higieny pracy skonstruowanym w przyst\u0119pnej formie pyta\u0144 i odpowiedzi. Stanowi cenne uzupe\u0142nienie poradnika Meritum BHP. Pytania, zg\u0142aszane przez pracownik\u00f3w s\u0142u\u017cb BHP, osoby zawodowo zajmuj\u0105ce si\u0119 BHP, pracodawc\u00f3w, pracownik\u00f3w dzia\u0142\u00f3w kadr, oraz samych zatrudnionych, zosta\u0142y starannie wyselekcjonowane z Serwisu BHP Wolters Kluwer SA. Stanowi\u0105 wi\u0119c odzwierciedlenie problem\u00f3w, z kt\u00f3rymi na co dzie\u0144 spotykaj\u0105 si\u0119 osoby zajmuj\u0105ce si\u0119 t\u0105 problematyk\u0105. Dla \u0142atwiejszego korzystania z publikacji pytania zosta\u0142y podzielone na grupy tematyczne. <\/p>\n<p>Czytelnicy znajd\u0105 tu odpowiedzi m.in. z zakresu:<\/p>\n<p>&#8211; metodyki kontroli warunk\u00f3w pracy,<br \/>\n&#8211; szkole\u0144 bhp,<br \/>\n&#8211; zarz\u0105dzania ochron\u0105 pracy w zak\u0142adzie, w tym ocena ryzyka zawodowego i metody jego oceny,<br \/>\n&#8211; wymaga\u0144 w odniesieniu do maszyn, ich u\u017cytkowania, urz\u0105dze\u0144 technicznych, bezpiecze\u0144stwa po\u017carowego,<br \/>\n&#8211; post\u0119powania w razie wyst\u0105pienia wypadku przy pracy,<br \/>\n&#8211; wymaga\u0144 BHP przy wybranych pracach.<br \/>\nAutorami s\u0105 cenieni w \u015brodowisku specjali\u015bci-praktycy, kt\u00f3rzy wsp\u00f3\u0142pracuj\u0105 z Serwisem BHP. Omawiaj\u0105 poruszane zagadnienia w spos\u00f3b zwi\u0119z\u0142y, klarowny i komunikatywny.<\/p>\n<p>Stan prawny na 1 grudnia 2014 roku.<\/p>\n","protected":false},"excerpt":{"rendered":"<p>Autor: Kazimierz Ko\u015bciukiewicz Roman Majer Wydawca: Wolters Kluwer Oprawa: Mi\u0119kka [&hellip;]<\/p>\n","protected":false},"featured_media":10279,"template":"","meta":[],"product_brand":[],"product_cat":[18,7550],"product_tag":[5432,4993,793],"class_list":{"0":"post-10278","1":"product","2":"type-product","3":"status-publish","4":"has-post-thumbnail","6":"product_cat-prawo","7":"product_cat-prawo-pracy","8":"product_tag-bezpieczenstwo-i-higiena-pracy","9":"product_tag-komentarze-i-opracowania-prawne","10":"product_tag-prawo-pracy","12":"first","13":"instock","14":"sale","15":"shipping-taxable","16":"purchasable","17":"product-type-simple"},"_links":{"self":[{"href":"http:\/\/ksiegarnia-akademicka.pl\/index.php\/wp-json\/wp\/v2\/product\/10278","targetHints":{"allow":["GET"]}}],"collection":[{"href":"http:\/\/ksiegarnia-akademicka.pl\/index.php\/wp-json\/wp\/v2\/product"}],"about":[{"href":"http:\/\/ksiegarnia-akademicka.pl\/index.php\/wp-json\/wp\/v2\/types\/product"}],"wp:featuredmedia":[{"embeddable":true,"href":"http:\/\/ksiegarnia-akademicka.pl\/index.php\/wp-json\/wp\/v2\/media\/10279"}],"wp:attachment":[{"href":"http:\/\/ksiegarnia-akademicka.pl\/index.php\/wp-json\/wp\/v2\/media?parent=10278"}],"wp:term":[{"taxonomy":"product_brand","embeddable":true,"href":"http:\/\/ksiegarnia-akademicka.pl\/index.php\/wp-json\/wp\/v2\/product_brand?post=10278"},{"taxonomy":"product_cat","embeddable":true,"href":"http:\/\/ksiegarnia-akademicka.pl\/index.php\/wp-json\/wp\/v2\/product_cat?post=10278"},{"taxonomy":"product_tag","embeddable":true,"href":"http:\/\/ksiegarnia-akademicka.pl\/index.php\/wp-json\/wp\/v2\/product_tag?post=10278"}],"curies":[{"name":"wp","href":"https:\/\/api.w.org\/{rel}","templated":true}]}}