{"id":10251,"date":"2019-01-28T14:57:50","date_gmt":"2019-01-28T13:57:50","guid":{"rendered":"http:\/\/ksiegarnia-akademicka.pl\/?post_type=product&#038;p=10251"},"modified":"2024-12-04T14:04:22","modified_gmt":"2024-12-04T13:04:22","slug":"modele-biznesu-przedsiebiorstw-perspektywy-rozwoju-ujecie-koncepcyjne","status":"publish","type":"product","link":"http:\/\/ksiegarnia-akademicka.pl\/index.php\/product\/modele-biznesu-przedsiebiorstw-perspektywy-rozwoju-ujecie-koncepcyjne\/","title":{"rendered":"Modele biznesu przedsi\u0119biorstw Perspektywy rozwoju &#8211; uj\u0119cie koncepcyjne"},"content":{"rendered":"<p>Autor:<br \/>\nMarek Jab\u0142o\u0144ski<br \/>\nAdam Jab\u0142o\u0144ski<br \/>\nWydawca: CeDeWu<br \/>\nOprawa: Mi\u0119kka<br \/>\nFormat: 16.5&#215;23.5cm<br \/>\nLiczba stron: 202<br \/>\nWydanie: 1<br \/>\nRok wydania: 2019<br \/>\nJ\u0119zyk wydania: polski<\/p>\n<p>Opiniowana monografia (praca) powsta\u0142a w wyniku teoretycznych i empirycznych pog\u0142\u0119bionych bada\u0144 w\u0142asnych Autor\u00f3w, ich wiedzy oraz bogatych do\u015bwiadcze\u0144 projektowych, eksperckich i wdro\u017ceniowych. Mia\u0142y one decyduj\u0105cy wp\u0142yw na charakter naukowy pracy (&#8230;). Wybran\u0105 w monografii problematyk\u0119 naukow\u0105 uwa\u017cam za aktualn\u0105 i bardzo interesuj\u0105c\u0105 zar\u00f3wno dla teorii, jak i praktyki zarz\u0105dzania. W szczeg\u00f3lno\u015bci koncentracja poznawcza i badawcza modelowania biznesowego skoncentrowana na koncepcjach konstrukcji modeli biznesu oraz perspektyw i kierunk\u00f3w ich rozwoju analizowanych i ocenianych z punktu widzenia podej\u015bcia strukturalnego, a tak\u017ce celu i intencji zarz\u0105dczych jest dojrza\u0142ym, oryginalnym i interesuj\u0105cym wyborem eksploracji naukowej. Uwa\u017cam, \u017ce w podj\u0119tej przez Autor\u00f3w problematyce badawczej modeli biznesu w obszarze tematycznym zarz\u0105dzania strategicznego niewiele jest w kraju pog\u0142\u0119bionych bada\u0144 w tym zakresie, tak poprawnie merytorycznie usystematyzowanych oraz transparentnie przedstawionych. Z pe\u0142nym przekonaniem stwierdzam, \u017ce tematyka pracy jest interesuj\u0105ca, ma du\u017ce znaczenie teoretyczne i aplikacyjne, a uj\u0119cie problematyki badawczej jest nowatorskie i oryginalne (&#8230;). Na podkre\u015blenie zas\u0142uguje szczeg\u00f3\u0142owa eksploracja problematyki modeli biznesu gospodarki cyfrowej obejmuj\u0105ca rozw\u00f3j modeli biznesu w ekonomii wsp\u00f3\u0142dzielenia, gospodarce okr\u0119\u017cnej oraz analiza wp\u0142ywu i wykorzystania w modelach biznesu koncepcji du\u017cych zbior\u00f3w danych (ang. Big Data). Podkre\u015bli\u0107 nale\u017cy, \u017ce w eksplorowanym obszarze tematycznym przeprowadzono zar\u00f3wno badania teoretyczne, jak i empiryczne, stosuj\u0105c przy tym r\u00f3\u017cnorodne podej\u015bcia poznawcze i metody bada\u0144. Postawione w badaniach problemy s\u0105 nowe i dot\u0105d s\u0142abo zbadane w naukach o zarz\u0105dzaniu, a w szczeg\u00f3lno\u015bci dotyczy to problematyki modelowania biznesowego w gospodarce cyfrowej. Ten podmiotowy aspekt pracy, jakim jest w tym przypadku gospodarka cyfrowa nadaje monografii wyra\u017an\u0105 orientacj\u0119 autorskich docieka\u0144, analiz i prospektywnych koncepcji. To w\u0142a\u015bnie nowatorstwo podj\u0119tej tematyki, jak i sam przebieg bada\u0144 jest z pewno\u015bci\u0105 bardzo istotnym walorem naukowym i poznawczym monografii. Na podkre\u015blenie zas\u0142uguje wielowymiarowe podej\u015bcie badawcze do perspektyw rozwoju modeli biznesu, co uwa\u017cam za du\u017c\u0105 warto\u015b\u0107 merytoryczn\u0105 pracy i jej walor oryginalno\u015bci. Prezentowana przez Autor\u00f3w tematyka nie by\u0142a dot\u0105d przedmiotem pog\u0142\u0119bionych bada\u0144 w krajowym dorobku nauk o zarz\u0105dzaniu, co czyni j\u0105 oryginaln\u0105 oraz interesuj\u0105c\u0105 i jednocze\u015bnie wype\u0142nia luk\u0119 poznawcz\u0105.<br \/>\nProf. dr hab. in\u017c. Jan Brz\u00f3ska<br \/>\nPolitechnika \u015al\u0105ska<\/p>\n","protected":false},"excerpt":{"rendered":"<p>Autor: Marek Jab\u0142o\u0144ski Adam Jab\u0142o\u0144ski Wydawca: CeDeWu Oprawa: Mi\u0119kka Format: [&hellip;]<\/p>\n","protected":false},"featured_media":10252,"template":"","meta":[],"product_brand":[],"product_cat":[32,7515],"product_tag":[1802,361,918],"class_list":{"0":"post-10251","1":"product","2":"type-product","3":"status-publish","4":"has-post-thumbnail","6":"product_cat-biznes","7":"product_cat-zarzadzanie-przedsiebiorstwem","8":"product_tag-biznes","9":"product_tag-przedsiebiorstwo","10":"product_tag-zarzadzanie-przedsiebiorstwem","12":"first","13":"instock","14":"sale","15":"shipping-taxable","16":"purchasable","17":"product-type-simple"},"_links":{"self":[{"href":"http:\/\/ksiegarnia-akademicka.pl\/index.php\/wp-json\/wp\/v2\/product\/10251","targetHints":{"allow":["GET"]}}],"collection":[{"href":"http:\/\/ksiegarnia-akademicka.pl\/index.php\/wp-json\/wp\/v2\/product"}],"about":[{"href":"http:\/\/ksiegarnia-akademicka.pl\/index.php\/wp-json\/wp\/v2\/types\/product"}],"wp:featuredmedia":[{"embeddable":true,"href":"http:\/\/ksiegarnia-akademicka.pl\/index.php\/wp-json\/wp\/v2\/media\/10252"}],"wp:attachment":[{"href":"http:\/\/ksiegarnia-akademicka.pl\/index.php\/wp-json\/wp\/v2\/media?parent=10251"}],"wp:term":[{"taxonomy":"product_brand","embeddable":true,"href":"http:\/\/ksiegarnia-akademicka.pl\/index.php\/wp-json\/wp\/v2\/product_brand?post=10251"},{"taxonomy":"product_cat","embeddable":true,"href":"http:\/\/ksiegarnia-akademicka.pl\/index.php\/wp-json\/wp\/v2\/product_cat?post=10251"},{"taxonomy":"product_tag","embeddable":true,"href":"http:\/\/ksiegarnia-akademicka.pl\/index.php\/wp-json\/wp\/v2\/product_tag?post=10251"}],"curies":[{"name":"wp","href":"https:\/\/api.w.org\/{rel}","templated":true}]}}