{"id":10239,"date":"2019-01-28T14:43:00","date_gmt":"2019-01-28T13:43:00","guid":{"rendered":"http:\/\/ksiegarnia-akademicka.pl\/?post_type=product&#038;p=10239"},"modified":"2024-12-04T14:05:07","modified_gmt":"2024-12-04T13:05:07","slug":"e-zwolenienia-lekarskie-przepisy-i-praktyka","status":"publish","type":"product","link":"http:\/\/ksiegarnia-akademicka.pl\/index.php\/product\/e-zwolenienia-lekarskie-przepisy-i-praktyka\/","title":{"rendered":"e-zwolenienia lekarskie Przepisy i praktyka"},"content":{"rendered":"<p>Autor:<br \/>\nEwa Bogucka-\u0141opuszy\u0144ska<br \/>\nWydawca: Infor Biznes<br \/>\nOprawa: Mi\u0119kka<br \/>\nLiczba stron: 104<br \/>\nRok wydania: 2019<\/p>\n<p>Poradnik dla pracodawc\u00f3w i przedsi\u0119biorc\u00f3w, w kt\u00f3rym om\u00f3wione zosta\u0142y najnowsze przepisy dotycz\u0105ce wprowadzenia z dniem 1 grudnia 2018 r. obowi\u0105zkowych elektronicznych zwolnie\u0144 lekarskich (e-zwolnie\u0144).<\/p>\n<p>Publikacja zawiera nowe regulacje i praktyczne porady dla p\u0142atnik\u00f3w i ubezpieczonych.<\/p>\n<p>Cho\u0107 elektroniczna forma za\u015bwiadcze\u0144 o niezdolno\u015bci do pracy jest w obiegu od 2016 roku, od 1 grudnia 2018 r. zwolnienia b\u0119d\u0105 wydawane w zasadzie tylko elektronicznie (e-ZLA).<\/p>\n<p>Przedstawiamy praktyczny przegl\u0105d zmian, jakie ta nowa forma poci\u0105gnie za sob\u0105 w dzia\u0142aniu pracodawc\u00f3w. W poradniku znajd\u0105 Pa\u0144stwo zar\u00f3wno om\u00f3wienie przepis\u00f3w prawnych, jak i kompendium praktycznej wiedzy niezb\u0119dnej w ka\u017cdym dziale personalnym czy HR w firmie, jak i dla os\u00f3b, kt\u00f3re same si\u0119 ubezpieczaj\u0105 (mali przedsi\u0119biorcy).<\/p>\n<p>Aby przedstawi\u0107, jak e-ZLA b\u0119d\u0105 funkcjonowa\u0107 na tle ju\u017c istniej\u0105cych rozwi\u0105za\u0144, w publikacji omawiamy nie tylko przepisy bezpo\u015brednio ich dotycz\u0105ce, lecz tak\u017ce inne zwi\u0105zane z nimi regulacje.<\/p>\n<p>Kto jest zobowi\u0105zany do za\u0142o\u017cenia profilu na PUE?<br \/>\nJakie obowi\u0105zki spoczywaj\u0105 na pracodawcach r\u00f3\u017cnej wielko\u015bci?<br \/>\nJak b\u0119dzie wygl\u0105da\u0142 obieg dokument\u00f3w mi\u0119dzy lekarzem, pracodawc\u0105 i Zak\u0142adem Ubezpiecze\u0144 Spo\u0142ecznych?<br \/>\nCo si\u0119 stanie, je\u015bli lekarz nie zelektronizuje za\u015bwiadczenia o niezdolno\u015bci do pracy?<br \/>\nCo oznaczaj\u0105 w praktyce zalecenia specjalne lekarza?<br \/>\nJak zmieni\u0105 si\u0119 warunki kontroli w\u0142a\u015bciwego wykorzystania zwolnienia?<br \/>\nJak dochodzi\u0107 zwrotu nienale\u017cnie pobranego wynagrodzenia chorobowego?<\/p>\n","protected":false},"excerpt":{"rendered":"<p>Autor: Ewa Bogucka-\u0141opuszy\u0144ska Wydawca: Infor Biznes Oprawa: Mi\u0119kka Liczba stron: [&hellip;]<\/p>\n","protected":false},"featured_media":10240,"template":"","meta":[],"product_brand":[],"product_cat":[7625,18,7550],"product_tag":[7789,5064,793,4635],"class_list":{"0":"post-10239","1":"product","2":"type-product","3":"status-publish","4":"has-post-thumbnail","6":"product_cat-nauki-o-zdrowiu","7":"product_cat-prawo","8":"product_cat-prawo-pracy","9":"product_tag-e-zwolnienia","10":"product_tag-opracowania-prawne","11":"product_tag-prawo-pracy","12":"product_tag-sluzba-zdrowia","14":"first","15":"instock","16":"sale","17":"shipping-taxable","18":"purchasable","19":"product-type-simple"},"_links":{"self":[{"href":"http:\/\/ksiegarnia-akademicka.pl\/index.php\/wp-json\/wp\/v2\/product\/10239","targetHints":{"allow":["GET"]}}],"collection":[{"href":"http:\/\/ksiegarnia-akademicka.pl\/index.php\/wp-json\/wp\/v2\/product"}],"about":[{"href":"http:\/\/ksiegarnia-akademicka.pl\/index.php\/wp-json\/wp\/v2\/types\/product"}],"wp:featuredmedia":[{"embeddable":true,"href":"http:\/\/ksiegarnia-akademicka.pl\/index.php\/wp-json\/wp\/v2\/media\/10240"}],"wp:attachment":[{"href":"http:\/\/ksiegarnia-akademicka.pl\/index.php\/wp-json\/wp\/v2\/media?parent=10239"}],"wp:term":[{"taxonomy":"product_brand","embeddable":true,"href":"http:\/\/ksiegarnia-akademicka.pl\/index.php\/wp-json\/wp\/v2\/product_brand?post=10239"},{"taxonomy":"product_cat","embeddable":true,"href":"http:\/\/ksiegarnia-akademicka.pl\/index.php\/wp-json\/wp\/v2\/product_cat?post=10239"},{"taxonomy":"product_tag","embeddable":true,"href":"http:\/\/ksiegarnia-akademicka.pl\/index.php\/wp-json\/wp\/v2\/product_tag?post=10239"}],"curies":[{"name":"wp","href":"https:\/\/api.w.org\/{rel}","templated":true}]}}