{"id":10187,"date":"2019-01-16T15:44:58","date_gmt":"2019-01-16T14:44:58","guid":{"rendered":"http:\/\/ksiegarnia-akademicka.pl\/?post_type=product&#038;p=10187"},"modified":"2024-12-04T14:06:37","modified_gmt":"2024-12-04T13:06:37","slug":"ordynacja-podatkowa-komentarz-4","status":"publish","type":"product","link":"http:\/\/ksiegarnia-akademicka.pl\/index.php\/product\/ordynacja-podatkowa-komentarz-4\/","title":{"rendered":"Ordynacja podatkowa. Komentarz"},"content":{"rendered":"<p>Redakcja: dr hab. Adam Maria\u0144ski, prof. U\u0141<br \/>\nAutor: Martyna Derach, Konrad Dura, Ewelina Jankowska, Joanna Majcherczak, Mariusz Mi\u015bkiewicz, Marta Olewi\u0144ska, Magdalena Olszewska, \u0141ukasz Porada, Bartosz Rodak, Piotr Szalbierz, Tomasz Szyma\u0144ski, Dawid Tomaszewski<br \/>\nWydawnictwo: C.H. Beck<br \/>\nSeria: Podatkowe Komentarze Becka<br \/>\nRok wydania: 2021<br \/>\nOprawa: Twarda<br \/>\nLiczba stron: 1232<br \/>\nWymiary: 165&#215;240 mm<br \/>\nWaga: 1860 g<br \/>\nISBN: 978-83-8235-246-7<\/p>\n<p>Szczeg\u00f3\u0142owy komentarz do ustawy z 29.8.1997 r. \u2013 Ordynacja podatkowa (t.j. Dz.U. z 2020 r. poz. 1325 ze zm.)<br \/>\nKomentarz wyja\u015bnia najwa\u017cniejsze dla post\u0119powania podatkowego zagadnienia dotycz\u0105ce:<\/p>\n<p>organ\u00f3w podatkowych i ich w\u0142a\u015bciwo\u015bci, a tak\u017ce interpretacji przepis\u00f3w prawa podatkowego;<br \/>\numowy o wsp\u00f3\u0142dzia\u0142anie i porozumie\u0144 podatkowych;<br \/>\npowstawania i wyga\u015bni\u0119cia zobowi\u0105za\u0144 podatkowych, odpowiedzialno\u015bci podatnika, p\u0142atnika i inkasenta, zabezpieczenia wykonania zobowi\u0105za\u0144 podatkowych, termin\u00f3w p\u0142atno\u015bci, zasad regulowania zaleg\u0142o\u015bci podatkowej, odsetek za zw\u0142ok\u0119, op\u0142aty prolongacyjnej, dodatkowych zobowi\u0105za\u0144 podatkowych, ulg w sp\u0142acie zobowi\u0105za\u0144, przedawnienia, nadp\u0142aty, podpisywania i korekty deklaracji, informacji podatkowych o schematach podatkowych, rachunk\u00f3w, odpowiedzialno\u015bci solidarnej, praw i obowi\u0105zk\u00f3w nast\u0119pc\u00f3w prawnych oraz podmiot\u00f3w przekszta\u0142conych, odpowiedzialno\u015bci podatkowej os\u00f3b trzecich;<br \/>\nklauzuli przeciwko unikaniu opodatkowania, post\u0119powania podatkowego w przypadku unikania opodatkowania, Rady do Spraw Przeciwdzia\u0142ania Unikaniu Opodatkowania, opinii zabezpieczaj\u0105cych, cofni\u0119cia skutk\u00f3w unikania opodatkowania;<br \/>\nprzeciwdzia\u0142ania wykorzystywaniu sektora finansowego do wy\u0142udze\u0144 skarbowych, analizy ryzyka, blokady rachunku podmiotu kwalifikowanego, kar pieni\u0119\u017cnych;<br \/>\nzasad og\u00f3lnych i stron post\u0119powania podatkowego, wy\u0142\u0105czenia pracownika organu podatkowego oraz organu podatkowego, za\u0142atwiania spraw, dor\u0119cze\u0144, wezwa\u0144, przywr\u00f3cenia terminu, wszcz\u0119cia post\u0119powania, metryk, protoko\u0142\u00f3w i adnotacji, udost\u0119pniania akt, dowod\u00f3w, rozprawy, zawieszenia post\u0119powania, decyzji i ich wykonania, postanowie\u0144, odwo\u0142a\u0144, za\u017cale\u0144, wznowienia post\u0119powania, stwierdzenia niewa\u017cno\u015bci decyzji, uchylenia lub zmiany decyzji ostatecznej, a tak\u017ce jej wyga\u015bni\u0119cia, odpowiedzialno\u015bci odszkodowawczej, koszt\u00f3w post\u0119powania;<br \/>\nprowadzenia czynno\u015bci sprawdzaj\u0105cych;<br \/>\nkontroli podatkowe i post\u0119powa\u0144 podatkowych;<br \/>\ntajemnicy skarbowej;<br \/>\nprzepis\u00f3w karnych.<br \/>\nKomentarz uwzgl\u0119dnia najnowsze zmiany, kt\u00f3re wesz\u0142y w \u017cycie 1.1.2021 r., dotycz\u0105ce:<\/p>\n<p>przedawnienia zobowi\u0105za\u0144 podatkowych \u2013 po spe\u0142nieniu ustawowo okre\u015blonych przes\u0142anek okres przedawnienia zobowi\u0105zania podatkowego w odniesieniu do dochod\u00f3w wypracowanych w okresie opodatkowania rycza\u0142tem przedawnia\u0107 si\u0119 b\u0119dzie z up\u0142ywem 5 lat;<br \/>\nwy\u0142\u0105czenia obowi\u0105zku raportowania schemat\u00f3w podatkowych, innych ni\u017c schematy podatkowe transgraniczne w zakresie zrycza\u0142towanego podatku dochodowego od os\u00f3b prawnych, przez ca\u0142y okres opodatkowania podatnika rycza\u0142tem od dochod\u00f3w sp\u00f3\u0142ek kapita\u0142owych, w tym tak\u017ce w sytuacji wyboru tego opodatkowania przez podatnika;<br \/>\nwprowadzenia mo\u017cliwo\u015bci przeprowadzenia czynno\u015bci sprawdzaj\u0105cych przez organ podatkowy w zakresie warunk\u00f3w uprawniaj\u0105cych do stosowania rycza\u0142tu oraz weryfikacji terminowo\u015bci oraz prawdziwo\u015bci informacji w o\u015bwiadczeniach sk\u0142adanych przez wsp\u00f3lnik\u00f3w sp\u00f3\u0142ce opodatkowanej rycza\u0142tem<br \/>\noraz wchodz\u0105ce w \u017cycie 1.7.2021 r. dotycz\u0105ce dor\u0119cze\u0144 elektronicznych \u2013 zmiany maj\u0105 charakter ujednolicaj\u0105cy terminologi\u0119 z ustaw\u0105 o dor\u0119czeniach elektronicznych (Dz.U. z 2020 r. poz. 2320), a ich celem jest m.in. zr\u00f3wnowa\u017cenie postaci papierowej z elektroniczn\u0105, a tak\u017ce zmiany dotycz\u0105ce odpowiedzialno\u015bci cz\u0142onk\u00f3w zarz\u0105du, dyrektor\u00f3w i rady dyrektor\u00f3w prostej sp\u00f3\u0142ki akcyjnej wynikaj\u0105ce z ustawy o zmianie ustawy Kodeks sp\u00f3\u0142ek handlowych (Dz.U. z 2019 r. poz. 1655 ze zm.).<\/p>\n<p>Prezentowany Komentarz jest przeznaczony dla doradc\u00f3w podatkowych, s\u0119dzi\u00f3w s\u0105d\u00f3w administracyjnych, adwokat\u00f3w, radc\u00f3w prawnych, bieg\u0142ych rewi\u00acdent\u00f3w, pracownik\u00f3w Krajowej Administracji Skarbowej oraz administracji samorz\u0105dowej i pa\u0144stwowej, w tym organ\u00f3w odwo\u0142awczych, ksi\u0119gowych i podatnik\u00f3w.<\/p>\n","protected":false},"excerpt":{"rendered":"<p>Redakcja: dr hab. Adam Maria\u0144ski, prof. U\u0141 Autor: Martyna Derach, [&hellip;]<\/p>\n","protected":false},"featured_media":14228,"template":"","meta":[],"product_brand":[],"product_cat":[22],"product_tag":[1056,1055,5932],"class_list":{"0":"post-10187","1":"product","2":"type-product","3":"status-publish","4":"has-post-thumbnail","6":"product_cat-podatki-i-prawo-podatkowe","7":"product_tag-ordynacja-podatkowa","8":"product_tag-prawo-podatkowe","9":"product_tag-seria-podatkowe-komentarze-becka","11":"first","12":"instock","13":"sale","14":"shipping-taxable","15":"purchasable","16":"product-type-simple"},"_links":{"self":[{"href":"http:\/\/ksiegarnia-akademicka.pl\/index.php\/wp-json\/wp\/v2\/product\/10187","targetHints":{"allow":["GET"]}}],"collection":[{"href":"http:\/\/ksiegarnia-akademicka.pl\/index.php\/wp-json\/wp\/v2\/product"}],"about":[{"href":"http:\/\/ksiegarnia-akademicka.pl\/index.php\/wp-json\/wp\/v2\/types\/product"}],"wp:featuredmedia":[{"embeddable":true,"href":"http:\/\/ksiegarnia-akademicka.pl\/index.php\/wp-json\/wp\/v2\/media\/14228"}],"wp:attachment":[{"href":"http:\/\/ksiegarnia-akademicka.pl\/index.php\/wp-json\/wp\/v2\/media?parent=10187"}],"wp:term":[{"taxonomy":"product_brand","embeddable":true,"href":"http:\/\/ksiegarnia-akademicka.pl\/index.php\/wp-json\/wp\/v2\/product_brand?post=10187"},{"taxonomy":"product_cat","embeddable":true,"href":"http:\/\/ksiegarnia-akademicka.pl\/index.php\/wp-json\/wp\/v2\/product_cat?post=10187"},{"taxonomy":"product_tag","embeddable":true,"href":"http:\/\/ksiegarnia-akademicka.pl\/index.php\/wp-json\/wp\/v2\/product_tag?post=10187"}],"curies":[{"name":"wp","href":"https:\/\/api.w.org\/{rel}","templated":true}]}}