{"id":10167,"date":"2019-01-16T14:09:36","date_gmt":"2019-01-16T13:09:36","guid":{"rendered":"http:\/\/ksiegarnia-akademicka.pl\/?post_type=product&#038;p=10167"},"modified":"2021-10-13T10:17:15","modified_gmt":"2021-10-13T08:17:15","slug":"postepowanie-administracyjne-i-sadowoadministracyjne","status":"publish","type":"product","link":"http:\/\/ksiegarnia-akademicka.pl\/index.php\/product\/postepowanie-administracyjne-i-sadowoadministracyjne\/","title":{"rendered":"Post\u0119powanie administracyjne i s\u0105dowoadministracyjne"},"content":{"rendered":"<p>Nale\u017cy do serii:<br \/>\nSERIA AKADEMICKA<br \/>\nAutor:<br \/>\nBarbara Adamiak<br \/>\nJanusz Borkowski<br \/>\nWydawca: Wolters Kluwer<br \/>\nOprawa: Mi\u0119kka<br \/>\nFormat: 17.6&#215;25.0cm<br \/>\nLiczba stron: 877<br \/>\nWydanie: 19<br \/>\nRok wydania: 2021<br \/>\nJ\u0119zyk wydania: polski<\/p>\n<p>Podr\u0119cznik zawiera obszerne, systematyczne om\u00f3wienie ca\u0142o\u015bci rozwi\u0105za\u0144 prawnych: od kszta\u0142towania praw jednostki wobec organ\u00f3w administracji publicznej, gwarancji ochrony na drodze s\u0105dowej, po konstrukcj\u0119 prawn\u0105 przymusu pa\u0144stwowego stosowanego na drodze administracyjnej.<\/p>\n<p>Prezentuje pe\u0142en obraz regulacji prawnej dzia\u0142a\u0144 administracji publicznej, w tym m.in. koncepcje instytucji procesowych post\u0119powania administracyjnego i post\u0119powania sadowoadministracyjnego oraz ich stosowanie w praktyce ukszta\u0142towane orzecznictwem s\u0105d\u00f3w administracyjnych.<\/p>\n<p>Uwzgl\u0119dniono nowe rozwi\u0105zania prawne, przedstawiono zmiany w przyj\u0119tej linii orzecze\u0144 s\u0105d\u00f3w administracyjnych, nowe sposoby gwarancji dobrowolnego wykonania obowi\u0105zk\u00f3w.<\/p>\n<p>W 19. wydaniu uwzgl\u0119dniono zmiany wprowadzone ustawami dotycz\u0105cymi przepis\u00f3w materialnego prawa administracyjnego, maj\u0105cymi wp\u0142yw na stosowanie przepis\u00f3w Kodeksu post\u0119powania administracyjnego i Prawa o post\u0119powaniu przed s\u0105dami administracyjnymi, a tak\u017ce ustaw\u0105 o dor\u0119czeniach elektronicznych.<\/p>\n<p>Ksi\u0105\u017cka jest polecana jako podr\u0119cznik podstawowy na kierunkach studi\u00f3w: prawo, administracja.<\/p>\n<p>Stan prawny na 10 lipca 2021 roku<\/p>\n","protected":false},"excerpt":{"rendered":"<p>Nale\u017cy do serii: SERIA AKADEMICKA Autor: Barbara Adamiak Janusz Borkowski [&hellip;]<\/p>\n","protected":false},"featured_media":14735,"template":"","meta":[],"product_brand":[],"product_cat":[7492,18],"product_tag":[564,4094,485,330],"class_list":{"0":"post-10167","1":"product","2":"type-product","3":"status-publish","4":"has-post-thumbnail","6":"product_cat-administracyjne","7":"product_cat-prawo","8":"product_tag-postepowanie-administracyjne","9":"product_tag-postepowanie-sadowoadministracyjne","10":"product_tag-prawo-administracyjne","11":"product_tag-seria-akademicka","13":"first","14":"instock","15":"sale","16":"shipping-taxable","17":"purchasable","18":"product-type-simple"},"_links":{"self":[{"href":"http:\/\/ksiegarnia-akademicka.pl\/index.php\/wp-json\/wp\/v2\/product\/10167","targetHints":{"allow":["GET"]}}],"collection":[{"href":"http:\/\/ksiegarnia-akademicka.pl\/index.php\/wp-json\/wp\/v2\/product"}],"about":[{"href":"http:\/\/ksiegarnia-akademicka.pl\/index.php\/wp-json\/wp\/v2\/types\/product"}],"wp:featuredmedia":[{"embeddable":true,"href":"http:\/\/ksiegarnia-akademicka.pl\/index.php\/wp-json\/wp\/v2\/media\/14735"}],"wp:attachment":[{"href":"http:\/\/ksiegarnia-akademicka.pl\/index.php\/wp-json\/wp\/v2\/media?parent=10167"}],"wp:term":[{"taxonomy":"product_brand","embeddable":true,"href":"http:\/\/ksiegarnia-akademicka.pl\/index.php\/wp-json\/wp\/v2\/product_brand?post=10167"},{"taxonomy":"product_cat","embeddable":true,"href":"http:\/\/ksiegarnia-akademicka.pl\/index.php\/wp-json\/wp\/v2\/product_cat?post=10167"},{"taxonomy":"product_tag","embeddable":true,"href":"http:\/\/ksiegarnia-akademicka.pl\/index.php\/wp-json\/wp\/v2\/product_tag?post=10167"}],"curies":[{"name":"wp","href":"https:\/\/api.w.org\/{rel}","templated":true}]}}