{"id":10147,"date":"2019-01-10T13:02:05","date_gmt":"2019-01-10T12:02:05","guid":{"rendered":"http:\/\/ksiegarnia-akademicka.pl\/?post_type=product&#038;p=10147"},"modified":"2019-01-10T13:02:06","modified_gmt":"2019-01-10T12:02:06","slug":"maszyny-i-urzadzenia-spawalnicze","status":"publish","type":"product","link":"http:\/\/ksiegarnia-akademicka.pl\/index.php\/product\/maszyny-i-urzadzenia-spawalnicze\/","title":{"rendered":"Maszyny i urz\u0105dzenia spawalnicze"},"content":{"rendered":"<p>Autor:<br \/>\nEdward Dobaj<br \/>\nWydawca: Wydawnictwo Naukowe PWN<br \/>\nOprawa: Mi\u0119kka<br \/>\nFormat: 16.5&#215;23.5cm<br \/>\nLiczba stron: 368<br \/>\nWydanie: 3<br \/>\nRok wydania: 2018<\/p>\n<p>Maszyny i urz\u0105dzenia spawalnicze to publikacja, w kt\u00f3rej w przyst\u0119pny spos\u00f3b przedstawiono zagadnienia zwi\u0105zane z zastosowaniem w praktyce przemys\u0142owej urz\u0105dze\u0144 spawalniczych. Szczeg\u00f3ln\u0105 uwag\u0119 zwr\u00f3cono na:<\/p>\n<p>r\u00f3\u017cnorodno\u015b\u0107 urz\u0105dze\u0144 i ich w\u0142a\u015bciwy dob\u00f3r do wymog\u00f3w procesu produkcyjnego,<br \/>\nzasady dzia\u0142ania poszczeg\u00f3lnych rodzaj\u00f3w maszyn,<br \/>\ncharakterystyk\u0119 ich pracy,<br \/>\nopis konstrukcji,<br \/>\nwalory techniczne oraz przydatno\u015b\u0107 do realizacji okre\u015blonych technologii spawalniczych,<br \/>\nbezpiecze\u0144stwo stosowania urz\u0105dze\u0144 spawalniczych z uwzgl\u0119dnieniem przepis\u00f3w Unii Europejskiej,<br \/>\nnorm uprawniaj\u0105cych do oznaczania wyrob\u00f3w znakiem CE.<\/p>\n<p>Ksi\u0105\u017cka jest przeznaczona dla student\u00f3w wydzia\u0142\u00f3w mechanicznych uczelni technicznych, a tak\u017ce in\u017cynier\u00f3w zajmuj\u0105cych si\u0119 konstruowaniem maszyn i urz\u0105dze\u0144 spawalniczych oraz ich wdro\u017ceniem i eksploatacj\u0105 w przemy\u015ble.<\/p>\n","protected":false},"excerpt":{"rendered":"<p>Autor: Edward Dobaj Wydawca: Wydawnictwo Naukowe PWN Oprawa: Mi\u0119kka Format: [&hellip;]<\/p>\n","protected":false},"featured_media":10148,"template":"","meta":[],"product_brand":[],"product_cat":[7722,41],"product_tag":[3653,4140],"class_list":{"0":"post-10147","1":"product","2":"type-product","3":"status-publish","4":"has-post-thumbnail","6":"product_cat-energetyka","7":"product_cat-nauki-techniczne","8":"product_tag-maszyny-i-urzadzenia","9":"product_tag-spawalnictwo","11":"first","12":"instock","13":"sale","14":"shipping-taxable","15":"purchasable","16":"product-type-simple"},"_links":{"self":[{"href":"http:\/\/ksiegarnia-akademicka.pl\/index.php\/wp-json\/wp\/v2\/product\/10147","targetHints":{"allow":["GET"]}}],"collection":[{"href":"http:\/\/ksiegarnia-akademicka.pl\/index.php\/wp-json\/wp\/v2\/product"}],"about":[{"href":"http:\/\/ksiegarnia-akademicka.pl\/index.php\/wp-json\/wp\/v2\/types\/product"}],"wp:featuredmedia":[{"embeddable":true,"href":"http:\/\/ksiegarnia-akademicka.pl\/index.php\/wp-json\/wp\/v2\/media\/10148"}],"wp:attachment":[{"href":"http:\/\/ksiegarnia-akademicka.pl\/index.php\/wp-json\/wp\/v2\/media?parent=10147"}],"wp:term":[{"taxonomy":"product_brand","embeddable":true,"href":"http:\/\/ksiegarnia-akademicka.pl\/index.php\/wp-json\/wp\/v2\/product_brand?post=10147"},{"taxonomy":"product_cat","embeddable":true,"href":"http:\/\/ksiegarnia-akademicka.pl\/index.php\/wp-json\/wp\/v2\/product_cat?post=10147"},{"taxonomy":"product_tag","embeddable":true,"href":"http:\/\/ksiegarnia-akademicka.pl\/index.php\/wp-json\/wp\/v2\/product_tag?post=10147"}],"curies":[{"name":"wp","href":"https:\/\/api.w.org\/{rel}","templated":true}]}}