{"id":10054,"date":"2019-01-04T15:22:59","date_gmt":"2019-01-04T14:22:59","guid":{"rendered":"http:\/\/ksiegarnia-akademicka.pl\/?post_type=product&#038;p=10054"},"modified":"2019-01-04T15:22:59","modified_gmt":"2019-01-04T14:22:59","slug":"koniec-czasow-boski-adwokat","status":"publish","type":"product","link":"http:\/\/ksiegarnia-akademicka.pl\/index.php\/product\/koniec-czasow-boski-adwokat\/","title":{"rendered":"Koniec czas\u00f3w Boski adwokat"},"content":{"rendered":"<p>Autor:<br \/>\nPawe\u0142 Krupa<br \/>\nWydawca: WAM<br \/>\nOprawa: Mi\u0119kka<br \/>\nFormat: 14.0&#215;20.0cm<br \/>\nLiczba stron: 288<br \/>\nRok wydania: 2018<\/p>\n<p>B\u00f3g i cz\u0142owiek na \u0142awie oskar\u017conych<\/p>\n<p>\u017by\u0142 mi\u0119dzy nami, ale pewnego dnia znikn\u0105\u0142 w tajemniczych okoliczno\u015bciach. Zostawi\u0142 jednak obietnic\u0119, kt\u00f3ra wielu napawa l\u0119kiem. Kiedy zn\u00f3w si\u0119 pojawi, nast\u0105pi koniec tego \u015bwiata\u2026<\/p>\n<p>S\u0105d Ostateczny w\u0142a\u015bnie si\u0119 zaczyna. Czy jeste\u015bmy gotowi na zderzenie z wieczno\u015bci\u0105? Czy mamy si\u0119 czego ba\u0107? A mo\u017ce to B\u00f3g powinien l\u0119ka\u0107 si\u0119 konfrontacji z nami, z naszymi pretensjami i pytaniami, na kt\u00f3re nikt nie potrafi\u0142 nam odpowiedzie\u0107? <\/p>\n<p>Paradoksalnie to od Ko\u0144ca czas\u00f3w rozpoczyna si\u0119 trylogia Boski Adwokat. Ojciec Pawe\u0142 Krupa OP pr\u00f3buje wnikn\u0105\u0107 w nie-ludzk\u0105 logik\u0119 Boga, ujawni\u0107, co si\u0119 za ni\u0105 kryje i zestawi\u0107 z naszymi najbardziej bolesnymi pytaniami. <\/p>\n<p>G\u0142\u0119boka teologia, napi\u0119cie godne najlepszego thrillera i\u2026 zaskakuj\u0105cy humor.<\/p>\n<p>Pawe\u0142 Krupa OP &#8211; dominikanin, historyk mediewista, mistrz anegdot, znawca my\u015bli \u015bw. Tomasza, by\u0142y dy\u00adrektor Instytutu Tomistycznego. Studiowa\u0142 w Krakowie, Pary\u017cu i Rzymie. W Wydawnictwie WAM opublikowa\u0142: Jutro ma na imi\u0119 B\u00f3g i Spowied\u017a jak na d\u0142oni.<\/p>\n","protected":false},"excerpt":{"rendered":"<p>Autor: Pawe\u0142 Krupa Wydawca: WAM Oprawa: Mi\u0119kka Format: 14.0&#215;20.0cm Liczba [&hellip;]<\/p>\n","protected":false},"featured_media":10055,"template":"","meta":[],"product_brand":[],"product_cat":[7505,7506,38,27,7508],"product_tag":[5062,246,6273],"class_list":{"0":"post-10054","1":"product","2":"type-product","3":"status-publish","4":"has-post-thumbnail","6":"product_cat-etyka","7":"product_cat-filozofia","8":"product_cat-historia","9":"product_cat-nauki-spoleczne","10":"product_cat-socjologia","11":"product_tag-ekonomia-spoleczna","12":"product_tag-socjologia","13":"product_tag-teologia","15":"first","16":"instock","17":"sale","18":"shipping-taxable","19":"purchasable","20":"product-type-simple"},"_links":{"self":[{"href":"http:\/\/ksiegarnia-akademicka.pl\/index.php\/wp-json\/wp\/v2\/product\/10054","targetHints":{"allow":["GET"]}}],"collection":[{"href":"http:\/\/ksiegarnia-akademicka.pl\/index.php\/wp-json\/wp\/v2\/product"}],"about":[{"href":"http:\/\/ksiegarnia-akademicka.pl\/index.php\/wp-json\/wp\/v2\/types\/product"}],"wp:featuredmedia":[{"embeddable":true,"href":"http:\/\/ksiegarnia-akademicka.pl\/index.php\/wp-json\/wp\/v2\/media\/10055"}],"wp:attachment":[{"href":"http:\/\/ksiegarnia-akademicka.pl\/index.php\/wp-json\/wp\/v2\/media?parent=10054"}],"wp:term":[{"taxonomy":"product_brand","embeddable":true,"href":"http:\/\/ksiegarnia-akademicka.pl\/index.php\/wp-json\/wp\/v2\/product_brand?post=10054"},{"taxonomy":"product_cat","embeddable":true,"href":"http:\/\/ksiegarnia-akademicka.pl\/index.php\/wp-json\/wp\/v2\/product_cat?post=10054"},{"taxonomy":"product_tag","embeddable":true,"href":"http:\/\/ksiegarnia-akademicka.pl\/index.php\/wp-json\/wp\/v2\/product_tag?post=10054"}],"curies":[{"name":"wp","href":"https:\/\/api.w.org\/{rel}","templated":true}]}}